{"id":43,"date":"2019-03-08T15:03:12","date_gmt":"2019-03-08T14:03:12","guid":{"rendered":"http:\/\/triathlonveigne.sastriathlon37.com\/?page_id=43"},"modified":"2024-04-17T16:20:08","modified_gmt":"2024-04-17T14:20:08","slug":"benevoles","status":"publish","type":"page","link":"http:\/\/triathlonveigne.sastriathlon37.com\/index.php\/benevoles\/","title":{"rendered":"B\u00e9n\u00e9voles"},"content":{"rendered":"\n<p class=\"has-vivid-red-color has-text-color\" style=\"font-size:26px\"><\/p>\n\n\n\n<h4 class=\"wp-block-heading\">INFORMATIONS<br><\/h4>\n\n\n\n<p>Le SAS Triathlon 37 est \u00e0 la recherche de b\u00e9n\u00e9voles pour r\u00e9aliser dans les meilleurs conditions possibles ses 3 triathlons, un format M le matin du samedi 31 ao\u00fbt 2024  et un format S en d\u00e9but d&rsquo;apr\u00e8s midi et un format XS Duo en fin d&rsquo;apr\u00e8s-midi.<\/p>\n\n\n\n<p><br><\/p>\n\n\n\n<h4 class=\"wp-block-heading\">LES AVANTAGES D&rsquo;\u00caTRE B\u00c9N\u00c9VOLES SUR LE TRIATHLON DE VEIGNE<br><\/h4>\n\n\n\n<ul class=\"wp-block-list\">\n<li>Vous participez \u00e0 la vie associative de votre r\u00e9gion en permettant l&rsquo;organisation d&rsquo;un \u00e9v\u00e9nement sportif majeur.<\/li>\n\n\n\n<li>Vous permettez \u00e0 notre organisation de pratiquer des tarifs d&rsquo;engagements attractifs pour le plus grand nombre.<\/li>\n\n\n\n<li>Vous \u00eates un acteur majeur pendant toute la journ\u00e9e et au contact direct des sportifs.<\/li>\n<\/ul>\n\n\n\n<p>\u200b<\/p>\n\n\n\n<h4 class=\"wp-block-heading\">NOUS VOUS OFFRONS<br><\/h4>\n\n\n\n<ul class=\"wp-block-list\">\n<li>Le caf\u00e9 d&rsquo;accueil<\/li>\n\n\n\n<li>Le repas du midi<\/li>\n<\/ul>\n\n\n\n<h4 class=\"wp-block-heading\">TOUT LE MONDE PEUT \u00caTRE B\u00c9N\u00c9VOLE&nbsp;!<br><\/h4>\n\n\n\n<p>Ci-dessous la liste des postes que nous proposons :<\/p>\n\n\n\n<ul class=\"wp-block-list\">\n<li>S\u00e9curit\u00e9 et parking v\u00e9hicule<\/li>\n\n\n\n<li>Gestions des dossards et des participants<\/li>\n\n\n\n<li>S\u00e9curit\u00e9 plan d&rsquo;eau<\/li>\n\n\n\n<li>Ravitaillements<\/li>\n\n\n\n<li>Gestion parc \u00e0 v\u00e9lo<\/li>\n\n\n\n<li>S\u00e9curit\u00e9 du parcours course \u00e0 pied et v\u00e9lo<\/li>\n<\/ul>\n\n\n\n<p>Pour accueillir plus de 700 participants, 105 b\u00e9n\u00e9voles seront indispensables afin d&rsquo;assurer le contr\u00f4le et la s\u00e9curit\u00e9 de la course.<\/p>\n\n\n\n<p>Voir les emplacements<\/p>\n\n\n\n<p>D&rsquo;avance, nous vous remercions pour votre engagement.<\/p>\n\n\n\n<h2 class=\"wp-block-heading\">\u200b<\/h2>\n\n\n\n<h4 class=\"wp-block-heading\">S&rsquo;INSCRIRE POUR \u00caTRE B\u00c9N\u00c9VOLE LE SAMEDI 31\u00a0AOUT 2024<\/h4>\n\n\n\n<p><a href=\"            https:\/\/vorg.fr\/triathlonveigne\">            https:\/\/vorg.fr\/triathlonveigne<\/a><\/p>\n","protected":false},"excerpt":{"rendered":"<p>INFORMATIONS Le SAS Triathlon 37 est \u00e0 la recherche de b\u00e9n\u00e9voles pour r\u00e9aliser dans les meilleurs conditions possibles ses 3 triathlons, un format M le matin du samedi 31 ao\u00fbt 2024 et un format S en d\u00e9but d&rsquo;apr\u00e8s midi et un format XS Duo en fin d&rsquo;apr\u00e8s-midi. LES AVANTAGES D&rsquo;\u00caTRE B\u00c9N\u00c9VOLES SUR LE TRIATHLON DE\u2026<\/p>\n","protected":false},"author":1,"featured_media":0,"parent":0,"menu_order":0,"comment_status":"closed","ping_status":"closed","template":"fullwidth.php","meta":{"ngg_post_thumbnail":0,"footnotes":""},"class_list":["post-43","page","type-page","status-publish","hentry"],"_links":{"self":[{"href":"http:\/\/triathlonveigne.sastriathlon37.com\/index.php\/wp-json\/wp\/v2\/pages\/43","targetHints":{"allow":["GET"]}}],"collection":[{"href":"http:\/\/triathlonveigne.sastriathlon37.com\/index.php\/wp-json\/wp\/v2\/pages"}],"about":[{"href":"http:\/\/triathlonveigne.sastriathlon37.com\/index.php\/wp-json\/wp\/v2\/types\/page"}],"author":[{"embeddable":true,"href":"http:\/\/triathlonveigne.sastriathlon37.com\/index.php\/wp-json\/wp\/v2\/users\/1"}],"replies":[{"embeddable":true,"href":"http:\/\/triathlonveigne.sastriathlon37.com\/index.php\/wp-json\/wp\/v2\/comments?post=43"}],"version-history":[{"count":33,"href":"http:\/\/triathlonveigne.sastriathlon37.com\/index.php\/wp-json\/wp\/v2\/pages\/43\/revisions"}],"predecessor-version":[{"id":4089,"href":"http:\/\/triathlonveigne.sastriathlon37.com\/index.php\/wp-json\/wp\/v2\/pages\/43\/revisions\/4089"}],"wp:attachment":[{"href":"http:\/\/triathlonveigne.sastriathlon37.com\/index.php\/wp-json\/wp\/v2\/media?parent=43"}],"curies":[{"name":"wp","href":"https:\/\/api.w.org\/{rel}","templated":true}]}}