{"id":136,"date":"2019-03-27T16:26:11","date_gmt":"2019-03-27T15:26:11","guid":{"rendered":"http:\/\/triathlonveigne.sastriathlon37.com\/?page_id=136"},"modified":"2026-01-31T11:58:14","modified_gmt":"2026-01-31T10:58:14","slug":"triathlon-s-2","status":"publish","type":"page","link":"https:\/\/triathlonveigne.sastriathlon37.com\/index.php\/triathlon-s-2\/","title":{"rendered":"Triathlon S"},"content":{"rendered":"\n<p class=\"has-vivid-green-cyan-color has-text-color\"><mark style=\"background-color:rgba(0, 0, 0, 0);color:#02a69c\" class=\"has-inline-color\">TRIATHLON FORMAT S :  limite de 350 places<\/mark><\/p>\n\n\n\n<p><strong>SAMEDI 29 AO\u00dbT 2026 :<\/strong><br><\/p>\n\n\n\n<p>12h00 :&nbsp;Accueil et retrait des dossards&nbsp;<\/p>\n\n\n\n<p>13h00 : Ouverture du parc \u00e0 v\u00e9lo<\/p>\n\n\n\n<p>13h45 : Fermeture du parc \u00e0 v\u00e9lo et briefing<\/p>\n\n\n\n<p>14h00 : D\u00e9part du triathlon S<\/p>\n\n\n\n<p>16h00 : Remise des prix<\/p>\n\n\n<div class=\"wp-block-image\">\n<figure class=\"aligncenter size-full is-resized\"><img loading=\"lazy\" decoding=\"async\" width=\"1012\" height=\"643\" src=\"http:\/\/triathlonveigne.sastriathlon37.com\/wp-content\/uploads\/2026\/01\/Capture-decran-2026-01-27-153057.png\" alt=\"\" class=\"wp-image-4745\" style=\"width:619px;height:426px\" srcset=\"https:\/\/triathlonveigne.sastriathlon37.com\/wp-content\/uploads\/2026\/01\/Capture-decran-2026-01-27-153057.png 1012w, https:\/\/triathlonveigne.sastriathlon37.com\/wp-content\/uploads\/2026\/01\/Capture-decran-2026-01-27-153057-300x191.png 300w, https:\/\/triathlonveigne.sastriathlon37.com\/wp-content\/uploads\/2026\/01\/Capture-decran-2026-01-27-153057-768x488.png 768w\" sizes=\"auto, (max-width: 1012px) 100vw, 1012px\" \/><\/figure><\/div>\n\n\n<p class=\"has-text-align-center\"><\/p>\n\n\n\n<p><strong>IMPORTANT<\/strong><br><\/p>\n\n\n\n<p>Tous les non licenci\u00e9s doivent obligatoirement remplir un pass comp\u00e9tition et le remettre avec le r\u00e8glement \u00e0 la remise des dossards.<\/p>\n\n\n\n<p><strong><em>Attention le casque est obligatoire.<\/em><\/strong><\/p>\n\n\n\n<p><strong>Pr\u00e9voir votre bonnet de bain<\/strong><\/p>\n\n\n\n<p><strong>Certificat m\u00e9dical :<\/strong><\/p>\n\n\n\n<p>Le certificat m\u00e9dical est remplac\u00e9 par un Formulaire Info Sant\u00e9 \u00e0 remplir au moment de l&rsquo;inscription<\/p>\n\n\n\n<p><\/p>\n\n\n\n<p><br><\/p><p style=\"text-align:center\"><br><br><p style=\"text-align:center\"><strong><a class=\"maxbutton-2 maxbutton maxbutton-inscription-s\" target=\"_blank\" rel=\"noopener\" href=\"https:\/\/www.klikego.com\/inscription\/triathlon-de-veigne-edition-2026-\/triathlon\/1740975965646-4\"><span class='mb-text'>S&#039;inscrire sur le S<\/span><\/a><\/strong><\/p><br><br><\/p>\n\n\n\n<h4 class=\"wp-block-heading\"><\/h4>\n\n\n\n<p><strong>Le parcours :<\/strong><\/p>\n\n\n\n<p>Natation en rivi\u00e8re : 750 m<br><\/p>\n\n\n\n<!-- -div of map -->\n<div  id=\"lfh-1-skin\" class=\"lfh-container \" style=\"position:relative;width:100%;\">\n<div id=\"lfh-1-fadable\" class=\"lfh-fadable \">\n    <div id=\"lfh-1\" class=\"lfh-map\" style=\"height:500px;width:100%;\">\n    <\/div>\n    <div id=\"lfh-1-data\" class=\"lfh-data simple-border\" >\n        <div id=\"lfh-list-1\" class=\"lfh-info-1 lfh-element lfh-list lfh-hidden step0\"  >\n            <div>\n                <div class=\"lfh-head\">\n                    <h3 >\n                        <span class=\"lfh-trackname\">Liste&nbsp;<\/span>\n                        <span  class=\"lfh-close lfhicon lfhicon-close\" >&nbsp;<\/span>\n                    <\/h3>\n                <\/div>\n                \n                <!-- misc info -->\n                <div class=\"lfh-element-content\">\n                <div class=\"lfh-section\">\n                        \n                  <div class=\"lfh-content lfh-description\" >\n                 \n                  <\/div>\n                <\/div>\n                 \n                <\/div>\n            <\/div>\n        <\/div>\n        <div id=\"lfh-1-nav\" class=\"lfh-nav\">\n            <div class=\"lfh-title\" >\n                <span class=\"lfh-trackname\">Information<\/span>\n                <span class=\"lfh-close lfhicon lfhicon-close\"><\/span>\n            <\/div>\n            <div  class=\"lfh-back lfhicon lfhicon-chevron-circle-left\" style=\"\"><\/div>\n            <div  class=\"lfh-next lfhicon lfhicon-chevron-circle-right\"><\/div>\n        <\/div>\n         \n        <div class=\"lfh-data-content\" >\n            <div >\n                Cliquez sur le bouton suivant ou l&prime;&eacute;l&eacute;ment sur la carte pour voir ses informations            <\/div>\n            <div class=\"lfh-contributor\">\n                <a href=\"https:\/\/wordpress.org\/plugins\/lf-hiker\/\" title=\"Plugin Lf Hiker\">Lf Hiker<\/a>\n                | <a href=\"http:\/\/elisabeth.pointal.org\" title=\"Elisabeth Pointal\">E.Pointal<\/a>\n                contributor\n            <\/div>\n        <\/div>\n    <\/div>\n<\/div>\n<\/div>\n<!-- div of list objets -->\n\n\n\n<div id=\"track-1-1\" class=\"lfh-info-1 lfh-element lfh-hidden step0\"  >\n    <div>\n        <!-- header -->\n        <div class=\"lfh-head\">\n            <h3 >\n                 <span class=\"lfh-trackname\">Parcours natation&nbsp;<\/span>\n                <span  class=\"lfh-close lfhicon lfhicon-close\" >&nbsp;<\/span>\n            <\/h3>\n        <\/div>\n        <!-- end header -->\n        <div class=\"lfh-element-content\">\n        <div  class=\"lfh-file\">\n        <!-- control buttons -->\n                      <div >\n                <a  href=\"\/\/triathlonveigne.sastriathlon37.com\/wp-content\/uploads\/2019\/03\/8884538-route-1553696536-748.gpx\"  download=\"8884538-route-1553696536-748.gpx\" class=\"lfh-gpx-file\"  >\n                <span class=\"lfhicon lfhicon-download\"> &nbsp;GPX<\/span>\n                <\/a>\n            <\/div>\n                 <\/div>\n        <div class=\"lfh-section\">\n              <div class=\"lfh-header\">\n              <h4 style=\"margin-bottom: 2px;\">Profile<\/h4>\n              <\/div>\n               <div class=\"lfh-content\" >\n                    <div>\n                    <svg class=\"lfh-profile\"  viewBox=\"0 0 290 220\" >\n                        <defs>\n                            <marker id=\"t\" markerWidth=\"4\" markerHeight=\"4\" orient=\"auto\" refY=\"2\" refX=\"3\">\n                              <path d=\"M0,0 L4,2 0,4\" fill=\"#000\"><\/path>\n                            <\/marker>\n                        <\/defs>\n                        <g transform=\"translate(50,10)\">\n                        <!-- horizontal -->\n                        <!-- y = 50 (180-50)-->\n                        <line class=\"line\" x1=\"-5\" y1=\"160\" x2=\"220\" y2=\"160\"><\/line>\n                        <text class=\"h1 line\" x=\"-5\" y=\"160\" text-anchor=\"end\">50<\/text>\n                        <line class=\"line\" x1=\"-5\" y1=\"120\" x2=\"220\" y2=\"120\"><\/line>\n                        <text class=\"h2 line\" x=\"-5\" y=\"120\" text-anchor=\"end\">100<\/text>\n                        <line class=\"line\" x1=\"-5\" y1=\"80\" x2=\"220\" y2=\"80\"><\/line>\n                        <text class=\"h3 line\" x=\"-5\" y=\"80\" text-anchor=\"end\">150<\/text>\n                         <line class=\"line\" x1=\"-5\" y1=\"40\" x2=\"220\" y2=\"40\"><\/line>\n                        <text class=\"h4 line\" x=\"-5\" y=\"40\" text-anchor=\"end\">200<\/text>\n                        <!-- Vertical -->\n                        <g class=\"v1\" transform=\"translate(60,0)\">\n                            <line class=\"line\" x1=\"0\" y1=\"0\" x2=\"0\" y2=\"185\"><\/line>\n                            <text  class=\"line\" x=\"0\" y=\"193\" text-anchor=\"middle\">5<\/text>\n                        <\/g>\n                        <g class=\"v2\" transform=\"translate(120,0)\">\n                            <line class=\"line\" x1=\"0\" y1=\"0\" x2=\"0\" y2=\"185\"><\/line>\n                            <text  class=\"line\" x=\"0\" y=\"193\" text-anchor=\"middle\">10<\/text>\n                        <\/g>\n                        <g class=\"v3\" transform=\"translate(180,0)\">\n                            <line class=\"line\" x1=\"0\" y1=\"0\" x2=\"0\" y2=\"185\"><\/line>\n                            <text id=\"v3\" class=\"line\" x=\"0\" y=\"193\" text-anchor=\"middle\">15<\/text>\n                        <\/g>\n                        <!-- cadre  -->\n                        <rect x=\"0\" y=\"0\" width=\"220\" height=\"180\" ><\/rect>\n                        <!-- horizontal axis x -->\n                         <line class=\"axis\" x1=\"0\" y1=\"180\" x2=\"210\" y2=\"180\"  marker-end=\"url(#t)\"><\/line>\n                           <text x=\"110\" y=\"210\" text-anchor=\"middle\">Distance (km)<\/text>\n                           <!-- vertical axis y -->\n                        <line class=\"axis\" x1=\"0\" y1=\"180\" x2=\"0\" y2=\"10\" marker-end=\"url(#t)\"><\/line>\n                        <text x=\"0\" y=\"0\" transform=\"rotate(-90) translate(-100, -40)\" text-anchor=\"middle\">Altitude (m)<\/text>\n                        <path class=\"lfh-profile-line\" d=\"\"><\/path>\n                       \n                        <line class=\"lfh-move-line\" x1=\"0\" y1=\"185\" x2=\"0\" y2=\"-5\"><\/line>\n                    <\/g>\n                    <\/svg>\n                    <div class=\"lfh-no-data\">Aucune donn&eacute;e de d&eacute;nivel&eacute;<\/div>\n                    <\/div>\n                    <div>\n                        <div >\n                            <span >Nom: <\/span>\n                            <span class=\"lfh-gpx-name\"><em>Aucune donn&eacute;e<\/em><\/span>\n                        <\/div>\n                        <div >\n                            <span>Distance: <\/span>\n                            <span class=\"lfh-gpx-distance\"><em>Aucune donn&eacute;e<\/em><\/span>\n                        <\/div>\n                         <div>\n                            <span>Altitude minimum: <\/span>\n                            <span  class=\"lfh-gpx-min-elevation\" ><em>Aucune donn&eacute;e<\/em><\/span>\n                        <\/div>\n                         <div>\n                            <span>Altitude maximum: <\/span>\n                            <span  class=\"lfh-gpx-max-elevation\" ><em>Aucune donn&eacute;e<\/em><\/span>\n                        <\/div>\n                        <div>\n                            <span>Mont&eacute;e cumul&eacute;e: <\/span>\n                            <span  class=\"lfh-gpx-elevation-gain\" ><em>Aucune donn&eacute;e<\/em><\/span>\n                        <\/div>\n                        <div >\n                            <span>Descente cumul&eacute;e : <\/span>\n                            <span class=\"lfh-gpx-elevation-loss\" ><em>Aucune donn&eacute;e<\/em><\/span>\n                        <\/div>\n                            <span>Dur&eacute;e: <\/span>\n                            <span class=\"lfh-gpx-duration\" ><em>Aucune donn&eacute;e<\/em><\/span>\n                        <div>\n                        <\/div>\n                    <\/div>\n               <\/div>\n          <\/div>\n          <!-- misc info -->\n                <div class=\"lfh-section lfh-hidden\">\n            <div class=\"lfh-header\">\n            <h4>Description<\/h4>\n            <\/div>    \n            <div class=\"lfh-content lfh-description\" >\n            Un parcours exceptionnel &#8230;.            <\/div>\n        <\/div>\n                <\/div>\n    <\/div>\n   \n<\/div>\n<a href=\"\"><\/a><\/p>\n\n\n\n<p>V\u00e9lo : 20 km en 2 boucles<br>T\u00e9l\u00e9charger le parcours GPX : <a href=\"http:\/\/triathlonveigne.sastriathlon37.com\/wp-content\/uploads\/2026\/01\/veloSXS.gpx\">Parcours V\u00e9lo XS et S (2 boucles)<\/a><br><\/p>\n\n\n\n<figure class=\"wp-block-image size-large\"><img loading=\"lazy\" decoding=\"async\" width=\"1024\" height=\"735\" src=\"https:\/\/triathlonveigne.sastriathlon37.com\/wp-content\/uploads\/2026\/01\/Capture-decran-2026-01-31-a-11.49.47-1024x735.png\" alt=\"\" class=\"wp-image-4764\" srcset=\"https:\/\/triathlonveigne.sastriathlon37.com\/wp-content\/uploads\/2026\/01\/Capture-decran-2026-01-31-a-11.49.47-1024x735.png 1024w, https:\/\/triathlonveigne.sastriathlon37.com\/wp-content\/uploads\/2026\/01\/Capture-decran-2026-01-31-a-11.49.47-300x215.png 300w, https:\/\/triathlonveigne.sastriathlon37.com\/wp-content\/uploads\/2026\/01\/Capture-decran-2026-01-31-a-11.49.47-768x552.png 768w, https:\/\/triathlonveigne.sastriathlon37.com\/wp-content\/uploads\/2026\/01\/Capture-decran-2026-01-31-a-11.49.47-1536x1103.png 1536w, https:\/\/triathlonveigne.sastriathlon37.com\/wp-content\/uploads\/2026\/01\/Capture-decran-2026-01-31-a-11.49.47-1320x948.png 1320w, https:\/\/triathlonveigne.sastriathlon37.com\/wp-content\/uploads\/2026\/01\/Capture-decran-2026-01-31-a-11.49.47.png 1994w\" sizes=\"auto, (max-width: 1024px) 100vw, 1024px\" \/><\/figure>\n\n\n\n<p><\/p>\n\n\n\n<p>Course \u00e0 pied : 5 km en 2 boucles<br>T\u00e9l\u00e9charger le parcours GPX : <a href=\"http:\/\/triathlonveigne.sastriathlon37.com\/wp-content\/uploads\/2026\/01\/capSXS.gpx\">Parcours CAP XS et S (2 boucles)<\/a><\/p>\n\n\n\n<p><\/p>\n\n\n\n<figure class=\"wp-block-image size-large\"><img loading=\"lazy\" decoding=\"async\" width=\"1024\" height=\"805\" src=\"https:\/\/triathlonveigne.sastriathlon37.com\/wp-content\/uploads\/2026\/01\/Capture-decran-2026-01-31-a-11.53.49-1024x805.png\" alt=\"\" class=\"wp-image-4765\" srcset=\"https:\/\/triathlonveigne.sastriathlon37.com\/wp-content\/uploads\/2026\/01\/Capture-decran-2026-01-31-a-11.53.49-1024x805.png 1024w, https:\/\/triathlonveigne.sastriathlon37.com\/wp-content\/uploads\/2026\/01\/Capture-decran-2026-01-31-a-11.53.49-300x236.png 300w, https:\/\/triathlonveigne.sastriathlon37.com\/wp-content\/uploads\/2026\/01\/Capture-decran-2026-01-31-a-11.53.49-768x604.png 768w, https:\/\/triathlonveigne.sastriathlon37.com\/wp-content\/uploads\/2026\/01\/Capture-decran-2026-01-31-a-11.53.49-1536x1208.png 1536w, https:\/\/triathlonveigne.sastriathlon37.com\/wp-content\/uploads\/2026\/01\/Capture-decran-2026-01-31-a-11.53.49-1320x1038.png 1320w, https:\/\/triathlonveigne.sastriathlon37.com\/wp-content\/uploads\/2026\/01\/Capture-decran-2026-01-31-a-11.53.49.png 1824w\" sizes=\"auto, (max-width: 1024px) 100vw, 1024px\" \/><\/figure>\n\n\n\n<p><br><\/p>\n\n\n\n<p><a href=\"\"><\/a><\/p>\n\n\n\n<h4 class=\"wp-block-heading\"><strong>R\u00e8glement du triathlon de Veign\u00e9<\/strong> <br><\/h4>\n\n\n\n<p><a href=\"http:\/\/triathlonveigne.sastriathlon37.com\/wp-content\/uploads\/2026\/01\/2026-REGLEMENT-DES-EPREUVES.docx\" target=\"_blank\" rel=\"noreferrer noopener\">Cliquez ici pour afficher&nbsp;le r\u00e8glement complet du triathlon de Veign\u00e9<\/a><br><\/p>\n\n\n\n<p>Les \u00e9preuves du triathlon de Veign\u00e9 sont soumises au<a href=\"https:\/\/fftri.emiagic.io\/regulation\/pdf\/sport?next\" target=\"_blank\" rel=\"noreferrer noopener\" aria-label=\"&nbsp;r\u00e8glement de la FFTRI.&nbsp; (opens in a new tab)\">&nbsp;r\u00e8glement de la FFTRI.&nbsp;<\/a><\/p>\n\n\n\n<p><br><\/p>\n\n\n\n<h4 class=\"wp-block-heading\"><strong>R\u00e9compenses&nbsp;<\/strong><br><\/h4>\n\n\n\n<p>1er Homme et 1\u00e8re Femme &nbsp;<br>2\u00e8me Homme et 2\u00e8me Femme &nbsp; <br>3\u00e8me Homme et 3\u00e8me Femme  <\/p>\n\n\n\n<p>1er minime<\/p>\n\n\n\n<p>1er cadet H et F<\/p>\n\n\n\n<p>1er junior H et F<\/p>\n\n\n\n<p>1er v\u00e9t\u00e9ran H et F<\/p>\n\n\n\n<p><\/p>\n\n\n\n<h4 class=\"wp-block-heading\"><strong>Les Partenaires du triathlon de Veign\u00e9<\/strong><\/h4>\n\n\n\n\n\t\t<style>\n\t\t\t#wpls-logo-showcase-slider-1 .wpls-fix-box,\n\t\t\t#wpls-logo-showcase-slider-1 .wpls-fix-box img.wp-post-image{max-height:250px; }\n\t\t<\/style>\n\n\t\t<div class=\"wpls-wrap wpls-logo-showcase-slider-wrp wpls-logo-clearfix wpls-design-1 \" data-conf=\"{&quot;slides_column&quot;:4,&quot;slides_scroll&quot;:1,&quot;dots&quot;:&quot;true&quot;,&quot;arrows&quot;:&quot;true&quot;,&quot;autoplay&quot;:&quot;true&quot;,&quot;autoplay_interval&quot;:3000,&quot;loop&quot;:&quot;true&quot;,&quot;rtl&quot;:&quot;false&quot;,&quot;speed&quot;:800,&quot;center_mode&quot;:&quot;false&quot;,&quot;lazyload&quot;:&quot;&quot;}\">\n\t\t\t<div class=\"wpls-logo-showcase logo_showcase wpls-logo-slider  sliderimage_hide_border \" id=\"wpls-logo-showcase-slider-1\" >\n\t\t\t\t<div class=\"wpls-logo-cnt\">\n\t<div class=\"wpls-fix-box\">\n\t\t\t\t<img decoding=\"async\" class=\"wp-post-image\"  src=\"https:\/\/triathlonveigne.sastriathlon37.com\/wp-content\/uploads\/2019\/03\/newsports.jpg\" alt=\"\" \/>\n\t\t\t<\/div>\n\t<\/div><div class=\"wpls-logo-cnt\">\n\t<div class=\"wpls-fix-box\">\n\t\t\t\t<img decoding=\"async\" class=\"wp-post-image\"  src=\"https:\/\/triathlonveigne.sastriathlon37.com\/wp-content\/uploads\/2019\/03\/Capture-d\u2019\u00e9cran-2019-01-30-\u00e0-15.51.06.png\" alt=\"\" \/>\n\t\t\t<\/div>\n\t<\/div><div class=\"wpls-logo-cnt\">\n\t<div class=\"wpls-fix-box\">\n\t\t\t\t<img decoding=\"async\" class=\"wp-post-image\"  src=\"https:\/\/triathlonveigne.sastriathlon37.com\/wp-content\/uploads\/2019\/03\/Capture-d\u2019\u00e9cran-2019-01-30-\u00e0-15.50.44.png\" alt=\"\" \/>\n\t\t\t<\/div>\n\t<\/div><div class=\"wpls-logo-cnt\">\n\t<div class=\"wpls-fix-box\">\n\t\t\t\t<img decoding=\"async\" class=\"wp-post-image\"  src=\"https:\/\/triathlonveigne.sastriathlon37.com\/wp-content\/uploads\/2019\/03\/Capture-d\u2019\u00e9cran-2019-01-30-\u00e0-15.50.34.png\" alt=\"\" \/>\n\t\t\t<\/div>\n\t<\/div><div class=\"wpls-logo-cnt\">\n\t<div class=\"wpls-fix-box\">\n\t\t\t\t<img decoding=\"async\" class=\"wp-post-image\"  src=\"https:\/\/triathlonveigne.sastriathlon37.com\/wp-content\/uploads\/2019\/03\/AVCAP.jpg\" alt=\"\" \/>\n\t\t\t<\/div>\n\t<\/div><div class=\"wpls-logo-cnt\">\n\t<div class=\"wpls-fix-box\">\n\t\t\t\t<img decoding=\"async\" class=\"wp-post-image\"  src=\"https:\/\/triathlonveigne.sastriathlon37.com\/wp-content\/uploads\/2019\/03\/Capture-d\u2019\u00e9cran-2019-03-27-\u00e0-17.27.38.png\" alt=\"\" \/>\n\t\t\t<\/div>\n\t<\/div><div class=\"wpls-logo-cnt\">\n\t<div class=\"wpls-fix-box\">\n\t\t\t\t<img decoding=\"async\" class=\"wp-post-image\"  src=\"https:\/\/triathlonveigne.sastriathlon37.com\/wp-content\/uploads\/2019\/03\/Capture-d\u2019\u00e9cran-2019-03-27-\u00e0-17.27.14.png\" alt=\"\" \/>\n\t\t\t<\/div>\n\t<\/div><div class=\"wpls-logo-cnt\">\n\t<div class=\"wpls-fix-box\">\n\t\t\t\t<img decoding=\"async\" class=\"wp-post-image\"  src=\"https:\/\/triathlonveigne.sastriathlon37.com\/wp-content\/uploads\/2019\/03\/Capture-d\u2019\u00e9cran-2019-03-27-\u00e0-17.26.51.png\" alt=\"\" \/>\n\t\t\t<\/div>\n\t<\/div><div class=\"wpls-logo-cnt\">\n\t<div class=\"wpls-fix-box\">\n\t\t\t\t<img decoding=\"async\" class=\"wp-post-image\"  src=\"https:\/\/triathlonveigne.sastriathlon37.com\/wp-content\/uploads\/2019\/03\/LogoCP-Paysagiste.jpg\" alt=\"\" \/>\n\t\t\t<\/div>\n\t<\/div>\t\t\t<\/div>\n\t\t<\/div>\n\n\t\t\n","protected":false},"excerpt":{"rendered":"<p>TRIATHLON FORMAT S : limite de 350 places SAMEDI 29 AO\u00dbT 2026 : 12h00 :&nbsp;Accueil et retrait des dossards&nbsp; 13h00 : Ouverture du parc \u00e0 v\u00e9lo 13h45 : Fermeture du parc \u00e0 v\u00e9lo et briefing 14h00 : D\u00e9part du triathlon S 16h00 : Remise des prix IMPORTANT Tous les non licenci\u00e9s doivent obligatoirement remplir un\u2026<\/p>\n","protected":false},"author":2,"featured_media":0,"parent":0,"menu_order":0,"comment_status":"closed","ping_status":"closed","template":"fullwidth.php","meta":{"ngg_post_thumbnail":0,"footnotes":""},"class_list":["post-136","page","type-page","status-publish","hentry"],"_links":{"self":[{"href":"https:\/\/triathlonveigne.sastriathlon37.com\/index.php\/wp-json\/wp\/v2\/pages\/136","targetHints":{"allow":["GET"]}}],"collection":[{"href":"https:\/\/triathlonveigne.sastriathlon37.com\/index.php\/wp-json\/wp\/v2\/pages"}],"about":[{"href":"https:\/\/triathlonveigne.sastriathlon37.com\/index.php\/wp-json\/wp\/v2\/types\/page"}],"author":[{"embeddable":true,"href":"https:\/\/triathlonveigne.sastriathlon37.com\/index.php\/wp-json\/wp\/v2\/users\/2"}],"replies":[{"embeddable":true,"href":"https:\/\/triathlonveigne.sastriathlon37.com\/index.php\/wp-json\/wp\/v2\/comments?post=136"}],"version-history":[{"count":65,"href":"https:\/\/triathlonveigne.sastriathlon37.com\/index.php\/wp-json\/wp\/v2\/pages\/136\/revisions"}],"predecessor-version":[{"id":4768,"href":"https:\/\/triathlonveigne.sastriathlon37.com\/index.php\/wp-json\/wp\/v2\/pages\/136\/revisions\/4768"}],"wp:attachment":[{"href":"https:\/\/triathlonveigne.sastriathlon37.com\/index.php\/wp-json\/wp\/v2\/media?parent=136"}],"curies":[{"name":"wp","href":"https:\/\/api.w.org\/{rel}","templated":true}]}}