{"id":1474,"date":"2020-08-21T09:13:15","date_gmt":"2020-08-21T07:13:15","guid":{"rendered":"http:\/\/triathlonveigne.sastriathlon37.com\/?page_id=1474"},"modified":"2020-08-21T09:13:15","modified_gmt":"2020-08-21T07:13:15","slug":"inscription-au-barbecue-de-remerciement-des-benevoles","status":"publish","type":"page","link":"https:\/\/triathlonveigne.sastriathlon37.com\/index.php\/inscription-au-barbecue-de-remerciement-des-benevoles\/","title":{"rendered":"Inscription au barbecue de remerciement des b\u00e9n\u00e9voles"},"content":{"rendered":"\n<div class=\"wpcf7 no-js\" id=\"wpcf7-f2457-o1\" lang=\"fr-FR\" dir=\"ltr\" data-wpcf7-id=\"2457\">\n<div class=\"screen-reader-response\"><p role=\"status\" aria-live=\"polite\" aria-atomic=\"true\"><\/p> <ul><\/ul><\/div>\n<form action=\"\/index.php\/wp-json\/wp\/v2\/pages\/1474#wpcf7-f2457-o1\" method=\"post\" class=\"wpcf7-form init\" aria-label=\"Formulaire de contact\" novalidate=\"novalidate\" data-status=\"init\">\n<fieldset class=\"hidden-fields-container\"><input type=\"hidden\" name=\"_wpcf7\" value=\"2457\" \/><input type=\"hidden\" name=\"_wpcf7_version\" value=\"6.1\" \/><input type=\"hidden\" name=\"_wpcf7_locale\" value=\"fr_FR\" \/><input type=\"hidden\" name=\"_wpcf7_unit_tag\" value=\"wpcf7-f2457-o1\" \/><input type=\"hidden\" name=\"_wpcf7_container_post\" value=\"0\" \/><input type=\"hidden\" name=\"_wpcf7_posted_data_hash\" value=\"\" \/><input type=\"hidden\" name=\"_wpcf7_recaptcha_response\" value=\"\" \/>\n<\/fieldset>\n<p><label> Votre Pr\u00e9nom (obligatoire)<br \/>\n<span class=\"wpcf7-form-control-wrap\" data-name=\"prenom\"><input size=\"40\" maxlength=\"400\" class=\"wpcf7-form-control wpcf7-text wpcf7-validates-as-required\" aria-required=\"true\" aria-invalid=\"false\" value=\"\" type=\"text\" name=\"prenom\" \/><\/span><\/label>\n<\/p>\n<p><label> Votre nom (obligatoire)<br \/>\n<span class=\"wpcf7-form-control-wrap\" data-name=\"your-name\"><input size=\"40\" maxlength=\"400\" class=\"wpcf7-form-control wpcf7-text wpcf7-validates-as-required\" aria-required=\"true\" aria-invalid=\"false\" value=\"\" type=\"text\" name=\"your-name\" \/><\/span> <\/label>\n<\/p>\n<p><label> Votre adresse de messagerie (obligatoire)<br \/>\n<span class=\"wpcf7-form-control-wrap\" data-name=\"your-email\"><input size=\"40\" maxlength=\"400\" class=\"wpcf7-form-control wpcf7-email wpcf7-validates-as-required wpcf7-text wpcf7-validates-as-email\" aria-required=\"true\" aria-invalid=\"false\" value=\"\" type=\"email\" name=\"your-email\" \/><\/span> <\/label>\n<\/p>\n<p><label> Serez vous pr\u00e9sent lors du barbecue de remerciement des b\u00e9n\u00e9voles le 29 aout au soir (obligatoire)<br \/>\n<span class=\"wpcf7-form-control-wrap\" data-name=\"participe\"><span class=\"wpcf7-form-control wpcf7-checkbox wpcf7-validates-as-required wpcf7-exclusive-checkbox\"><span class=\"wpcf7-list-item first\"><input type=\"checkbox\" name=\"participe\" value=\"Je serais pr\u00e9sent au barbecue\" \/><span class=\"wpcf7-list-item-label\">Je serais pr\u00e9sent au barbecue<\/span><\/span><span class=\"wpcf7-list-item last\"><input type=\"checkbox\" name=\"participe\" value=\"Je ne serais pas pr\u00e9sent au barbecue\" \/><span class=\"wpcf7-list-item-label\">Je ne serais pas pr\u00e9sent au barbecue<\/span><\/span><\/span><\/span><\/label>\n<\/p>\n<p><label> Je serais accompagn\u00e9 de <span class=\"wpcf7-form-control-wrap\" data-name=\"accompagnant\"><input class=\"wpcf7-form-control wpcf7-number wpcf7-validates-as-number\" aria-invalid=\"false\" value=\"\" type=\"number\" name=\"accompagnant\" \/><\/span> personne qui n'\u00e9tai(en)t pas b\u00e9n\u00e9vole(s) (5\u20ac\/personne) <\/label>\n<\/p>\n<p><label> Commentaire<br \/>\n<span class=\"wpcf7-form-control-wrap\" data-name=\"your-message\"><textarea cols=\"40\" rows=\"10\" maxlength=\"2000\" class=\"wpcf7-form-control wpcf7-textarea\" aria-invalid=\"false\" name=\"your-message\"><\/textarea><\/span> <\/label>\n<\/p>\n<p><input class=\"wpcf7-form-control wpcf7-submit has-spinner\" type=\"submit\" value=\"Envoyer\" \/>\n<\/p><div class=\"wpcf7-response-output\" aria-hidden=\"true\"><\/div>\n<\/form>\n<\/div>\n\n","protected":false},"excerpt":{"rendered":"","protected":false},"author":2,"featured_media":0,"parent":0,"menu_order":0,"comment_status":"closed","ping_status":"closed","template":"","meta":{"ngg_post_thumbnail":0,"footnotes":""},"class_list":["post-1474","page","type-page","status-publish","hentry"],"_links":{"self":[{"href":"https:\/\/triathlonveigne.sastriathlon37.com\/index.php\/wp-json\/wp\/v2\/pages\/1474","targetHints":{"allow":["GET"]}}],"collection":[{"href":"https:\/\/triathlonveigne.sastriathlon37.com\/index.php\/wp-json\/wp\/v2\/pages"}],"about":[{"href":"https:\/\/triathlonveigne.sastriathlon37.com\/index.php\/wp-json\/wp\/v2\/types\/page"}],"author":[{"embeddable":true,"href":"https:\/\/triathlonveigne.sastriathlon37.com\/index.php\/wp-json\/wp\/v2\/users\/2"}],"replies":[{"embeddable":true,"href":"https:\/\/triathlonveigne.sastriathlon37.com\/index.php\/wp-json\/wp\/v2\/comments?post=1474"}],"version-history":[{"count":2,"href":"https:\/\/triathlonveigne.sastriathlon37.com\/index.php\/wp-json\/wp\/v2\/pages\/1474\/revisions"}],"predecessor-version":[{"id":2466,"href":"https:\/\/triathlonveigne.sastriathlon37.com\/index.php\/wp-json\/wp\/v2\/pages\/1474\/revisions\/2466"}],"wp:attachment":[{"href":"https:\/\/triathlonveigne.sastriathlon37.com\/index.php\/wp-json\/wp\/v2\/media?parent=1474"}],"curies":[{"name":"wp","href":"https:\/\/api.w.org\/{rel}","templated":true}]}}