{"id":2,"date":"2019-03-08T11:15:38","date_gmt":"2019-03-08T10:15:38","guid":{"rendered":"http:\/\/triathlonveigne.sastriathlon37.com\/?page_id=2"},"modified":"2025-04-19T15:35:01","modified_gmt":"2025-04-19T13:35:01","slug":"page-d-exemple","status":"publish","type":"page","link":"https:\/\/triathlonveigne.sastriathlon37.com\/index.php\/page-d-exemple\/","title":{"rendered":"News"},"content":{"rendered":"\n<figure class=\"wp-block-embed is-type-wp-embed is-provider-triathlon-de-veigne wp-block-embed-triathlon-de-veigne\"><div class=\"wp-block-embed__wrapper\">\n<blockquote class=\"wp-embedded-content\" data-secret=\"9dzh4fsQZf\"><a href=\"https:\/\/triathlonveigne.sastriathlon37.com\/index.php\/2025\/04\/19\/triathlon-de-veigne-10-ans-deja\/\">Triathlon de Veign\u00e9 &#8211; 10 ans d\u00e9j\u00e0<\/a><\/blockquote><iframe loading=\"lazy\" class=\"wp-embedded-content\" sandbox=\"allow-scripts\" security=\"restricted\" style=\"position: absolute; visibility: hidden;\" title=\"\u00ab\u00a0Triathlon de Veign\u00e9 &#8211; 10 ans d\u00e9j\u00e0\u00a0\u00bb &#8212; Triathlon de Veign\u00e9\" src=\"https:\/\/triathlonveigne.sastriathlon37.com\/index.php\/2025\/04\/19\/triathlon-de-veigne-10-ans-deja\/embed\/#?secret=WN9zz1OAP9#?secret=9dzh4fsQZf\" data-secret=\"9dzh4fsQZf\" width=\"600\" height=\"338\" frameborder=\"0\" marginwidth=\"0\" marginheight=\"0\" scrolling=\"no\"><\/iframe>\n<\/div><\/figure>\n\n\n\n<figure class=\"wp-block-embed is-type-wp-embed is-provider-triathlon-de-veigne wp-block-embed-triathlon-de-veigne\"><div class=\"wp-block-embed__wrapper\">\n<blockquote class=\"wp-embedded-content\" data-secret=\"RdeO2G5qHQ\"><a href=\"https:\/\/triathlonveigne.sastriathlon37.com\/index.php\/2024\/09\/04\/une-annee-record-pour-cette-9eme-edition\/\">Une ann\u00e9e record pour cette 9eme \u00e9dition<\/a><\/blockquote><iframe loading=\"lazy\" class=\"wp-embedded-content\" sandbox=\"allow-scripts\" security=\"restricted\" style=\"position: absolute; visibility: hidden;\" title=\"\u00ab\u00a0Une ann\u00e9e record pour cette 9eme \u00e9dition\u00a0\u00bb &#8212; Triathlon de Veign\u00e9\" src=\"https:\/\/triathlonveigne.sastriathlon37.com\/index.php\/2024\/09\/04\/une-annee-record-pour-cette-9eme-edition\/embed\/#?secret=p0iyWnkImd#?secret=RdeO2G5qHQ\" data-secret=\"RdeO2G5qHQ\" width=\"600\" height=\"338\" frameborder=\"0\" marginwidth=\"0\" marginheight=\"0\" scrolling=\"no\"><\/iframe>\n<\/div><\/figure>\n","protected":false},"excerpt":{"rendered":"","protected":false},"author":1,"featured_media":0,"parent":0,"menu_order":0,"comment_status":"closed","ping_status":"open","template":"","meta":{"ngg_post_thumbnail":0,"footnotes":""},"class_list":["post-2","page","type-page","status-publish","hentry"],"_links":{"self":[{"href":"https:\/\/triathlonveigne.sastriathlon37.com\/index.php\/wp-json\/wp\/v2\/pages\/2","targetHints":{"allow":["GET"]}}],"collection":[{"href":"https:\/\/triathlonveigne.sastriathlon37.com\/index.php\/wp-json\/wp\/v2\/pages"}],"about":[{"href":"https:\/\/triathlonveigne.sastriathlon37.com\/index.php\/wp-json\/wp\/v2\/types\/page"}],"author":[{"embeddable":true,"href":"https:\/\/triathlonveigne.sastriathlon37.com\/index.php\/wp-json\/wp\/v2\/users\/1"}],"replies":[{"embeddable":true,"href":"https:\/\/triathlonveigne.sastriathlon37.com\/index.php\/wp-json\/wp\/v2\/comments?post=2"}],"version-history":[{"count":2,"href":"https:\/\/triathlonveigne.sastriathlon37.com\/index.php\/wp-json\/wp\/v2\/pages\/2\/revisions"}],"predecessor-version":[{"id":4555,"href":"https:\/\/triathlonveigne.sastriathlon37.com\/index.php\/wp-json\/wp\/v2\/pages\/2\/revisions\/4555"}],"wp:attachment":[{"href":"https:\/\/triathlonveigne.sastriathlon37.com\/index.php\/wp-json\/wp\/v2\/media?parent=2"}],"curies":[{"name":"wp","href":"https:\/\/api.w.org\/{rel}","templated":true}]}}