{"id":3331,"date":"2022-08-11T07:46:34","date_gmt":"2022-08-11T05:46:34","guid":{"rendered":"http:\/\/triathlonveigne.sastriathlon37.com\/?page_id=3331"},"modified":"2023-08-04T19:18:17","modified_gmt":"2023-08-04T17:18:17","slug":"benevoles-choisissez-votre-repas-du-midi","status":"publish","type":"page","link":"https:\/\/triathlonveigne.sastriathlon37.com\/index.php\/benevoles-choisissez-votre-repas-du-midi\/","title":{"rendered":"B\u00e9n\u00e9voles, choisissez votre repas du midi !!"},"content":{"rendered":"\n<p>Le triathlon de Veign\u00e9 arrive a grand pas. Afin de vous permettre de manger selon vos gouts, cette ann\u00e9e encore, nous vous invitons a choisir votre repas du midi et indiquer si vous serez pr\u00e9sent au barbecue du soir.<\/p>\n\n\n\n<p>Merci de faire votre choix d&rsquo;ici lundi 15 aout au soir.<\/p>\n\n\n\n<div class=\"wp-block-contact-form-7-contact-form-selector\">\n<div class=\"wpcf7 no-js\" id=\"wpcf7-f3814-o1\" lang=\"fr-FR\" dir=\"ltr\" data-wpcf7-id=\"3814\">\n<div class=\"screen-reader-response\"><p role=\"status\" aria-live=\"polite\" aria-atomic=\"true\"><\/p> <ul><\/ul><\/div>\n<form action=\"\/index.php\/wp-json\/wp\/v2\/pages\/3331#wpcf7-f3814-o1\" method=\"post\" class=\"wpcf7-form init\" aria-label=\"Formulaire de contact\" novalidate=\"novalidate\" data-status=\"init\">\n<fieldset class=\"hidden-fields-container\"><input type=\"hidden\" name=\"_wpcf7\" value=\"3814\" \/><input type=\"hidden\" name=\"_wpcf7_version\" value=\"6.1\" \/><input type=\"hidden\" name=\"_wpcf7_locale\" value=\"fr_FR\" \/><input type=\"hidden\" name=\"_wpcf7_unit_tag\" value=\"wpcf7-f3814-o1\" \/><input type=\"hidden\" name=\"_wpcf7_container_post\" value=\"0\" \/><input type=\"hidden\" name=\"_wpcf7_posted_data_hash\" value=\"\" \/><input type=\"hidden\" name=\"_wpcf7_recaptcha_response\" value=\"\" \/>\n<\/fieldset>\n<p><label> Votre pr\u00e9nom<br \/>\n<span class=\"wpcf7-form-control-wrap\" data-name=\"prenom\"><input size=\"40\" maxlength=\"400\" class=\"wpcf7-form-control wpcf7-text wpcf7-validates-as-required\" aria-required=\"true\" aria-invalid=\"false\" value=\"\" type=\"text\" name=\"prenom\" \/><\/span> <\/label>\n<\/p>\n<p><label> Votre nom<br \/>\n<span class=\"wpcf7-form-control-wrap\" data-name=\"your-name\"><input size=\"40\" maxlength=\"400\" class=\"wpcf7-form-control wpcf7-text wpcf7-validates-as-required\" aria-required=\"true\" aria-invalid=\"false\" value=\"\" type=\"text\" name=\"your-name\" \/><\/span> <\/label>\n<\/p>\n<p><label> Quel sandwich souhaitez vous le samedi midi ?<br \/>\n<span class=\"wpcf7-form-control-wrap\" data-name=\"SANDWICH\"><span class=\"wpcf7-form-control wpcf7-checkbox wpcf7-validates-as-required wpcf7-exclusive-checkbox\"><span class=\"wpcf7-list-item first\"><label><input type=\"checkbox\" name=\"SANDWICH\" value=\"Sandwich Poulet\" \/><span class=\"wpcf7-list-item-label\">Sandwich Poulet<\/span><\/label><\/span><span class=\"wpcf7-list-item\"><label><input type=\"checkbox\" name=\"SANDWICH\" value=\"Sandwich Thon crudit\u00e9\" \/><span class=\"wpcf7-list-item-label\">Sandwich Thon crudit\u00e9<\/span><\/label><\/span><span class=\"wpcf7-list-item last\"><label><input type=\"checkbox\" name=\"SANDWICH\" value=\"V\u00e9g\u00e9tarien\" \/><span class=\"wpcf7-list-item-label\">V\u00e9g\u00e9tarien<\/span><\/label><\/span><\/span><\/span><\/label>\n<\/p>\n<p><label> Quel dessert souhaitez vous le samedi midi ?<br \/>\n<span class=\"wpcf7-form-control-wrap\" data-name=\"DESSERT\"><span class=\"wpcf7-form-control wpcf7-checkbox wpcf7-validates-as-required wpcf7-exclusive-checkbox\"><span class=\"wpcf7-list-item first\"><label><input type=\"checkbox\" name=\"DESSERT\" value=\"Part de Flan\" \/><span class=\"wpcf7-list-item-label\">Part de Flan<\/span><\/label><\/span><span class=\"wpcf7-list-item last\"><label><input type=\"checkbox\" name=\"DESSERT\" value=\"Tartelette aux pommes\" \/><span class=\"wpcf7-list-item-label\">Tartelette aux pommes<\/span><\/label><\/span><\/span><\/span><\/label>\n<\/p>\n<p><label> Quel boisson souhaitez vous le samedi midi ?<br \/>\n<span class=\"wpcf7-form-control-wrap\" data-name=\"BOISSON\"><span class=\"wpcf7-form-control wpcf7-checkbox wpcf7-validates-as-required wpcf7-exclusive-checkbox\"><span class=\"wpcf7-list-item first\"><label><input type=\"checkbox\" name=\"BOISSON\" value=\"Eau\" \/><span class=\"wpcf7-list-item-label\">Eau<\/span><\/label><\/span><span class=\"wpcf7-list-item\"><label><input type=\"checkbox\" name=\"BOISSON\" value=\"Coca-Cola\" \/><span class=\"wpcf7-list-item-label\">Coca-Cola<\/span><\/label><\/span><span class=\"wpcf7-list-item last\"><label><input type=\"checkbox\" name=\"BOISSON\" value=\"Ice-tea peche\" \/><span class=\"wpcf7-list-item-label\">Ice-tea peche<\/span><\/label><\/span><\/span><\/span><\/label>\n<\/p>\n<p><label> Serez-vous pr\u00e9sent au barbecue b\u00e9n\u00e9vole du samedi soir ?<br \/>\n<span class=\"wpcf7-form-control-wrap\" data-name=\"barbecue\"><span class=\"wpcf7-form-control wpcf7-radio\"><span class=\"wpcf7-list-item first\"><label><input type=\"radio\" name=\"barbecue\" value=\"Non\" checked=\"checked\" \/><span class=\"wpcf7-list-item-label\">Non<\/span><\/label><\/span><span class=\"wpcf7-list-item last\"><label><input type=\"radio\" name=\"barbecue\" value=\"Oui\" \/><span class=\"wpcf7-list-item-label\">Oui<\/span><\/label><\/span><\/span><\/span><\/label>\n<\/p>\n<p><input class=\"wpcf7-form-control wpcf7-submit has-spinner\" type=\"submit\" value=\"Envoyer\" \/>\n<\/p><div class=\"wpcf7-response-output\" aria-hidden=\"true\"><\/div>\n<\/form>\n<\/div>\n<\/div>\n\n\n\n<div class=\"wp-block-themeisle-blocks-advanced-columns has-undefined-columns has-desktop-undefined-layout has-tablet-equal-layout has-mobile-equal-layout has-default-gap has-vertical-unset\" id=\"wp-block-themeisle-blocks-advanced-columns-0ac066e6\"><div class=\"wp-block-themeisle-blocks-advanced-columns-overlay\"><\/div><div class=\"innerblocks-wrap\"><\/div><\/div>\n","protected":false},"excerpt":{"rendered":"<p>Le triathlon de Veign\u00e9 arrive a grand pas. Afin de vous permettre de manger selon vos gouts, cette ann\u00e9e encore, nous vous invitons a choisir votre repas du midi et indiquer si vous serez pr\u00e9sent au barbecue du soir. Merci de faire votre choix d&rsquo;ici lundi 15 aout au soir.<\/p>\n","protected":false},"author":2,"featured_media":0,"parent":0,"menu_order":0,"comment_status":"closed","ping_status":"closed","template":"","meta":{"ngg_post_thumbnail":0,"footnotes":""},"class_list":["post-3331","page","type-page","status-publish","hentry"],"_links":{"self":[{"href":"https:\/\/triathlonveigne.sastriathlon37.com\/index.php\/wp-json\/wp\/v2\/pages\/3331","targetHints":{"allow":["GET"]}}],"collection":[{"href":"https:\/\/triathlonveigne.sastriathlon37.com\/index.php\/wp-json\/wp\/v2\/pages"}],"about":[{"href":"https:\/\/triathlonveigne.sastriathlon37.com\/index.php\/wp-json\/wp\/v2\/types\/page"}],"author":[{"embeddable":true,"href":"https:\/\/triathlonveigne.sastriathlon37.com\/index.php\/wp-json\/wp\/v2\/users\/2"}],"replies":[{"embeddable":true,"href":"https:\/\/triathlonveigne.sastriathlon37.com\/index.php\/wp-json\/wp\/v2\/comments?post=3331"}],"version-history":[{"count":2,"href":"https:\/\/triathlonveigne.sastriathlon37.com\/index.php\/wp-json\/wp\/v2\/pages\/3331\/revisions"}],"predecessor-version":[{"id":3816,"href":"https:\/\/triathlonveigne.sastriathlon37.com\/index.php\/wp-json\/wp\/v2\/pages\/3331\/revisions\/3816"}],"wp:attachment":[{"href":"https:\/\/triathlonveigne.sastriathlon37.com\/index.php\/wp-json\/wp\/v2\/media?parent=3331"}],"curies":[{"name":"wp","href":"https:\/\/api.w.org\/{rel}","templated":true}]}}