{"id":41,"date":"2019-03-08T15:02:45","date_gmt":"2019-03-08T14:02:45","guid":{"rendered":"http:\/\/triathlonveigne.sastriathlon37.com\/?page_id=41"},"modified":"2026-01-31T12:28:43","modified_gmt":"2026-01-31T11:28:43","slug":"programme","status":"publish","type":"page","link":"https:\/\/triathlonveigne.sastriathlon37.com\/index.php\/programme\/","title":{"rendered":"Programme"},"content":{"rendered":"\n<p><\/p>\n\n\n\n<p>7h45 : ouverture retrait des dossards du M<\/p>\n\n\n\n<p>09h10 : D\u00e9part de l\u2019\u00e9preuve&nbsp;M<\/p>\n\n\n\n<p>12h30 : ouverture retrait des dossards du S <\/p>\n\n\n\n<p>14h25 : D\u00e9part de l\u2019\u00e9preuve&nbsp;S <\/p>\n\n\n\n<p>15h30 : ouverture retrait des dossards du XS Duo <\/p>\n\n\n\n<p>17h30 : D\u00e9part de la 1\u00e8re \u00e9quipe de l\u2019\u00e9preuve XS Duo <\/p>\n\n\n\n<p><\/p>\n\n\n\n<p><br><br><p><strong>Avant la premi\u00e8re \u00e9preuve il reste :<\/strong><\/p><\/p>\n\n\n\n<div class=\"content_countdown\" id=\"main_countedown_1\"><div class=\"countdown\">\r\n\t\t\t\t<span class=\"element_conteiner\"><span  class=\"days time_left\">122<\/span><span class=\"time_description\">Jours<\/span><\/span>\r\n\t\t\t\t<span class=\"element_conteiner\"><span  class=\"hourse time_left\">09<\/span><span class=\"time_description\">Heures<\/span><\/span>\r\n\t\t\t\t<span class=\"element_conteiner\"><span  class=\"minutes time_left\">28<\/span><span class=\"time_description\">Minutes<\/span><\/span>\r\n\t\t\t\t<span class=\"element_conteiner\"><span  class=\"secondes time_left\">18<\/span><span class=\"time_description\">Secondes<\/span><\/span>\r\n\t\t\t<\/div><\/div><script>\r\n        document.addEventListener('DOMContentLoaded', function(event) {\r\n\t\t\tsetInterval(function(){countdown_wpdevart_timer('main_countedown_1');},1000);\r\n\t\t});<\/script><style>#main_countedown_1 .countdown{text-align:center;}#main_countedown_1 .countdown{margin-top:10px;margin-bottom:10px}#main_countedown_1 .time_left{\r\nborder-radius:8px;\r\nbackground-color:#3DA8CC;\r\nfont-size:23px;\r\nfont-family:monospace;\r\ncolor:#000000;\r\n}\r\n#main_countedown_1 .time_description{\r\nfont-size:23px;\r\nfont-family:monospace;\r\ncolor:#000000;\r\n}\r\n#main_countedown_1 .element_conteiner{min-width:90px}<\/style>\n","protected":false},"excerpt":{"rendered":"<p>7h45 : ouverture retrait des dossards du M 09h10 : D\u00e9part de l\u2019\u00e9preuve&nbsp;M 12h30 : ouverture retrait des dossards du S 14h25 : D\u00e9part de l\u2019\u00e9preuve&nbsp;S 15h30 : ouverture retrait des dossards du XS Duo 17h30 : D\u00e9part de la 1\u00e8re \u00e9quipe de l\u2019\u00e9preuve XS Duo Avant la premi\u00e8re \u00e9preuve il reste :<\/p>\n","protected":false},"author":1,"featured_media":0,"parent":0,"menu_order":0,"comment_status":"closed","ping_status":"closed","template":"fullwidth.php","meta":{"ngg_post_thumbnail":0,"footnotes":""},"class_list":["post-41","page","type-page","status-publish","hentry"],"_links":{"self":[{"href":"https:\/\/triathlonveigne.sastriathlon37.com\/index.php\/wp-json\/wp\/v2\/pages\/41","targetHints":{"allow":["GET"]}}],"collection":[{"href":"https:\/\/triathlonveigne.sastriathlon37.com\/index.php\/wp-json\/wp\/v2\/pages"}],"about":[{"href":"https:\/\/triathlonveigne.sastriathlon37.com\/index.php\/wp-json\/wp\/v2\/types\/page"}],"author":[{"embeddable":true,"href":"https:\/\/triathlonveigne.sastriathlon37.com\/index.php\/wp-json\/wp\/v2\/users\/1"}],"replies":[{"embeddable":true,"href":"https:\/\/triathlonveigne.sastriathlon37.com\/index.php\/wp-json\/wp\/v2\/comments?post=41"}],"version-history":[{"count":23,"href":"https:\/\/triathlonveigne.sastriathlon37.com\/index.php\/wp-json\/wp\/v2\/pages\/41\/revisions"}],"predecessor-version":[{"id":4779,"href":"https:\/\/triathlonveigne.sastriathlon37.com\/index.php\/wp-json\/wp\/v2\/pages\/41\/revisions\/4779"}],"wp:attachment":[{"href":"https:\/\/triathlonveigne.sastriathlon37.com\/index.php\/wp-json\/wp\/v2\/media?parent=41"}],"curies":[{"name":"wp","href":"https:\/\/api.w.org\/{rel}","templated":true}]}}