{"id":4506,"date":"2025-04-13T21:33:12","date_gmt":"2025-04-13T19:33:12","guid":{"rendered":"https:\/\/triathlonveigne.sastriathlon37.com\/?page_id=4506"},"modified":"2026-01-31T12:13:15","modified_gmt":"2026-01-31T11:13:15","slug":"triathlon-m-relais","status":"publish","type":"page","link":"https:\/\/triathlonveigne.sastriathlon37.com\/index.php\/triathlon-m-relais\/","title":{"rendered":"Triathlon M Relais"},"content":{"rendered":"\n<p><mark style=\"background-color:rgba(0, 0, 0, 0);color:#02a69c\" class=\"has-inline-color\">TRIATHLON FORMAT M Relais :<mark style=\"background-color:rgba(0, 0, 0, 0);color:#02a69c\" class=\"has-inline-color\"> limite de 50 \u00e9quipes<\/mark><\/mark><\/p>\n\n\n\n<p><\/p>\n\n\n\n<p><strong>SAMEDI 29 AO\u00dbT 2026 :<\/strong><br><\/p>\n\n\n\n<p>07h45 :&nbsp;Accueil et retrait des dossards&nbsp;<\/p>\n\n\n\n<p>07h45 : Ouverture du parc \u00e0 v\u00e9lo<\/p>\n\n\n\n<p>08h45 : Fermeture du parc \u00e0 v\u00e9lo et briefing<\/p>\n\n\n\n<p>09h10 : D\u00e9part du triathlon M Relais<\/p>\n\n\n\n<p>12h00 : Remise des prix<\/p>\n\n\n\n<p><\/p>\n\n\n<div class=\"wp-block-image\">\n<figure class=\"aligncenter size-full is-resized\"><img loading=\"lazy\" decoding=\"async\" width=\"1012\" height=\"643\" src=\"http:\/\/triathlonveigne.sastriathlon37.com\/wp-content\/uploads\/2026\/01\/Capture-decran-2026-01-27-153057.png\" alt=\"\" class=\"wp-image-4745\" style=\"width:640px;height:441px\" srcset=\"https:\/\/triathlonveigne.sastriathlon37.com\/wp-content\/uploads\/2026\/01\/Capture-decran-2026-01-27-153057.png 1012w, https:\/\/triathlonveigne.sastriathlon37.com\/wp-content\/uploads\/2026\/01\/Capture-decran-2026-01-27-153057-300x191.png 300w, https:\/\/triathlonveigne.sastriathlon37.com\/wp-content\/uploads\/2026\/01\/Capture-decran-2026-01-27-153057-768x488.png 768w\" sizes=\"auto, (max-width: 1012px) 100vw, 1012px\" \/><figcaption class=\"wp-element-caption\"><br><br><br><\/figcaption><\/figure><\/div>\n\n\n<h4 class=\"wp-block-heading\"><strong>IMPORTANT<\/strong><br><\/h4>\n\n\n\n<p>Tous les non-licenci\u00e9s doivent obligatoirement remplir un pass comp\u00e9tition et le remettre avec le r\u00e8glement \u00e0 la remise des dossards.<\/p>\n\n\n\n<p>Si vous \u00eates licenci\u00e9 FFTRI,&nbsp;n&rsquo;oubliez pas de vous munir de votre num\u00e9ro de licence afin de le renseigner dans le formulaire d&rsquo;inscription.<\/p>\n\n\n\n<p><\/p>\n\n\n\n<p><\/p>\n\n\n\n<p><\/p>\n\n\n\n<p class=\"has-text-align-center\"><strong><a class=\"maxbutton-5 maxbutton maxbutton-inscription-m\" target=\"_blank\" rel=\"noopener\" href=\"https:\/\/www.klikego.com\/inscription\/triathlon-de-veigne-edition-2026-\/triathlon\/1740975965646-4\"><span class='mb-text'>S&#039;inscrire sur le M<\/span><\/a><\/strong><\/p>\n\n\n\n<h4 class=\"wp-block-heading\"><\/h4>\n\n\n\n<h4 class=\"wp-block-heading\"><strong>Le parcours :<\/strong><\/h4>\n\n\n\n<p>Natation en rivi\u00e8re : 1500 m<br><br><!-- -div of map -->\n<div  id=\"lfh-1-skin\" class=\"lfh-container \" style=\"position:relative;width:100%;\">\n<div id=\"lfh-1-fadable\" class=\"lfh-fadable \">\n    <div id=\"lfh-1\" class=\"lfh-map\" style=\"height:500px;width:100%;\">\n    <\/div>\n    <div id=\"lfh-1-data\" class=\"lfh-data simple-border\" >\n        <div id=\"lfh-list-1\" class=\"lfh-info-1 lfh-element lfh-list lfh-hidden step0\"  >\n            <div>\n                <div class=\"lfh-head\">\n                    <h3 >\n                        <span class=\"lfh-trackname\">Liste&nbsp;<\/span>\n                        <span  class=\"lfh-close lfhicon lfhicon-close\" >&nbsp;<\/span>\n                    <\/h3>\n                <\/div>\n                \n                <!-- misc info -->\n                <div class=\"lfh-element-content\">\n                <div class=\"lfh-section\">\n                        \n                  <div class=\"lfh-content lfh-description\" >\n                 \n                  <\/div>\n                <\/div>\n                 \n                <\/div>\n            <\/div>\n        <\/div>\n        <div id=\"lfh-1-nav\" class=\"lfh-nav\">\n            <div class=\"lfh-title\" >\n                <span class=\"lfh-trackname\">Information<\/span>\n                <span class=\"lfh-close lfhicon lfhicon-close\"><\/span>\n            <\/div>\n            <div  class=\"lfh-back lfhicon lfhicon-chevron-circle-left\" style=\"\"><\/div>\n            <div  class=\"lfh-next lfhicon lfhicon-chevron-circle-right\"><\/div>\n        <\/div>\n         \n        <div class=\"lfh-data-content\" >\n            <div >\n                Cliquez sur le bouton suivant ou l&prime;&eacute;l&eacute;ment sur la carte pour voir ses informations            <\/div>\n            <div class=\"lfh-contributor\">\n                <a href=\"https:\/\/wordpress.org\/plugins\/lf-hiker\/\" title=\"Plugin Lf Hiker\">Lf Hiker<\/a>\n                | <a href=\"http:\/\/elisabeth.pointal.org\" title=\"Elisabeth Pointal\">E.Pointal<\/a>\n                contributor\n            <\/div>\n        <\/div>\n    <\/div>\n<\/div>\n<\/div>\n<!-- div of list objets -->\n\n\n\n<div id=\"track-1-1\" class=\"lfh-info-1 lfh-element lfh-hidden step0\"  >\n    <div>\n        <!-- header -->\n        <div class=\"lfh-head\">\n            <h3 >\n                 <span class=\"lfh-trackname\">Parcours natation&nbsp;<\/span>\n                <span  class=\"lfh-close lfhicon lfhicon-close\" >&nbsp;<\/span>\n            <\/h3>\n        <\/div>\n        <!-- end header -->\n        <div class=\"lfh-element-content\">\n        <div  class=\"lfh-file\">\n        <!-- control buttons -->\n                      <div >\n                <a  href=\"\/\/triathlonveigne.sastriathlon37.com\/wp-content\/uploads\/2020\/08\/Veigne-2020_M-natation.gpx\"  download=\"Veigne-2020_M-natation.gpx\" class=\"lfh-gpx-file\"  >\n                <span class=\"lfhicon lfhicon-download\"> &nbsp;GPX<\/span>\n                <\/a>\n            <\/div>\n                 <\/div>\n        <div class=\"lfh-section\">\n              <div class=\"lfh-header\">\n              <h4 style=\"margin-bottom: 2px;\">Profile<\/h4>\n              <\/div>\n               <div class=\"lfh-content\" >\n                    <div>\n                    <svg class=\"lfh-profile\"  viewBox=\"0 0 290 220\" >\n                        <defs>\n                            <marker id=\"t\" markerWidth=\"4\" markerHeight=\"4\" orient=\"auto\" refY=\"2\" refX=\"3\">\n                              <path d=\"M0,0 L4,2 0,4\" fill=\"#000\"><\/path>\n                            <\/marker>\n                        <\/defs>\n                        <g transform=\"translate(50,10)\">\n                        <!-- horizontal -->\n                        <!-- y = 50 (180-50)-->\n                        <line class=\"line\" x1=\"-5\" y1=\"160\" x2=\"220\" y2=\"160\"><\/line>\n                        <text class=\"h1 line\" x=\"-5\" y=\"160\" text-anchor=\"end\">50<\/text>\n                        <line class=\"line\" x1=\"-5\" y1=\"120\" x2=\"220\" y2=\"120\"><\/line>\n                        <text class=\"h2 line\" x=\"-5\" y=\"120\" text-anchor=\"end\">100<\/text>\n                        <line class=\"line\" x1=\"-5\" y1=\"80\" x2=\"220\" y2=\"80\"><\/line>\n                        <text class=\"h3 line\" x=\"-5\" y=\"80\" text-anchor=\"end\">150<\/text>\n                         <line class=\"line\" x1=\"-5\" y1=\"40\" x2=\"220\" y2=\"40\"><\/line>\n                        <text class=\"h4 line\" x=\"-5\" y=\"40\" text-anchor=\"end\">200<\/text>\n                        <!-- Vertical -->\n                        <g class=\"v1\" transform=\"translate(60,0)\">\n                            <line class=\"line\" x1=\"0\" y1=\"0\" x2=\"0\" y2=\"185\"><\/line>\n                            <text  class=\"line\" x=\"0\" y=\"193\" text-anchor=\"middle\">5<\/text>\n                        <\/g>\n                        <g class=\"v2\" transform=\"translate(120,0)\">\n                            <line class=\"line\" x1=\"0\" y1=\"0\" x2=\"0\" y2=\"185\"><\/line>\n                            <text  class=\"line\" x=\"0\" y=\"193\" text-anchor=\"middle\">10<\/text>\n                        <\/g>\n                        <g class=\"v3\" transform=\"translate(180,0)\">\n                            <line class=\"line\" x1=\"0\" y1=\"0\" x2=\"0\" y2=\"185\"><\/line>\n                            <text id=\"v3\" class=\"line\" x=\"0\" y=\"193\" text-anchor=\"middle\">15<\/text>\n                        <\/g>\n                        <!-- cadre  -->\n                        <rect x=\"0\" y=\"0\" width=\"220\" height=\"180\" ><\/rect>\n                        <!-- horizontal axis x -->\n                         <line class=\"axis\" x1=\"0\" y1=\"180\" x2=\"210\" y2=\"180\"  marker-end=\"url(#t)\"><\/line>\n                           <text x=\"110\" y=\"210\" text-anchor=\"middle\">Distance (km)<\/text>\n                           <!-- vertical axis y -->\n                        <line class=\"axis\" x1=\"0\" y1=\"180\" x2=\"0\" y2=\"10\" marker-end=\"url(#t)\"><\/line>\n                        <text x=\"0\" y=\"0\" transform=\"rotate(-90) translate(-100, -40)\" text-anchor=\"middle\">Altitude (m)<\/text>\n                        <path class=\"lfh-profile-line\" d=\"\"><\/path>\n                       \n                        <line class=\"lfh-move-line\" x1=\"0\" y1=\"185\" x2=\"0\" y2=\"-5\"><\/line>\n                    <\/g>\n                    <\/svg>\n                    <div class=\"lfh-no-data\">Aucune donn&eacute;e de d&eacute;nivel&eacute;<\/div>\n                    <\/div>\n                    <div>\n                        <div >\n                            <span >Nom: <\/span>\n                            <span class=\"lfh-gpx-name\"><em>Aucune donn&eacute;e<\/em><\/span>\n                        <\/div>\n                        <div >\n                            <span>Distance: <\/span>\n                            <span class=\"lfh-gpx-distance\"><em>Aucune donn&eacute;e<\/em><\/span>\n                        <\/div>\n                         <div>\n                            <span>Altitude minimum: <\/span>\n                            <span  class=\"lfh-gpx-min-elevation\" ><em>Aucune donn&eacute;e<\/em><\/span>\n                        <\/div>\n                         <div>\n                            <span>Altitude maximum: <\/span>\n                            <span  class=\"lfh-gpx-max-elevation\" ><em>Aucune donn&eacute;e<\/em><\/span>\n                        <\/div>\n                        <div>\n                            <span>Mont&eacute;e cumul&eacute;e: <\/span>\n                            <span  class=\"lfh-gpx-elevation-gain\" ><em>Aucune donn&eacute;e<\/em><\/span>\n                        <\/div>\n                        <div >\n                            <span>Descente cumul&eacute;e : <\/span>\n                            <span class=\"lfh-gpx-elevation-loss\" ><em>Aucune donn&eacute;e<\/em><\/span>\n                        <\/div>\n                            <span>Dur&eacute;e: <\/span>\n                            <span class=\"lfh-gpx-duration\" ><em>Aucune donn&eacute;e<\/em><\/span>\n                        <div>\n                        <\/div>\n                    <\/div>\n               <\/div>\n          <\/div>\n          <!-- misc info -->\n                <div class=\"lfh-section lfh-hidden\">\n            <div class=\"lfh-header\">\n            <h4>Description<\/h4>\n            <\/div>    \n            <div class=\"lfh-content lfh-description\" >\n            Un parcours exceptionnel &#8230;.            <\/div>\n        <\/div>\n                <\/div>\n    <\/div>\n   \n<\/div>\n\n\n\n\n<p>V\u00e9lo : 40 km en 2 boucles<br>T\u00e9l\u00e9charger le parcours GPX :&nbsp;<a href=\"http:\/\/triathlonveigne.sastriathlon37.com\/wp-content\/uploads\/2026\/01\/veloM.gpx\" target=\"_blank\" rel=\"noreferrer noopener\">Parcours V\u00e9lo M<\/a><\/p>\n\n\n\n<figure class=\"wp-block-image\"><img loading=\"lazy\" decoding=\"async\" width=\"1024\" height=\"731\" src=\"https:\/\/triathlonveigne.sastriathlon37.com\/wp-content\/uploads\/2026\/01\/Capture-decran-2026-01-31-a-12.08.59-1024x731.png\" alt=\"\" class=\"wp-image-4771\" srcset=\"https:\/\/triathlonveigne.sastriathlon37.com\/wp-content\/uploads\/2026\/01\/Capture-decran-2026-01-31-a-12.08.59-1024x731.png 1024w, https:\/\/triathlonveigne.sastriathlon37.com\/wp-content\/uploads\/2026\/01\/Capture-decran-2026-01-31-a-12.08.59-300x214.png 300w, https:\/\/triathlonveigne.sastriathlon37.com\/wp-content\/uploads\/2026\/01\/Capture-decran-2026-01-31-a-12.08.59-768x549.png 768w, https:\/\/triathlonveigne.sastriathlon37.com\/wp-content\/uploads\/2026\/01\/Capture-decran-2026-01-31-a-12.08.59-1536x1097.png 1536w, https:\/\/triathlonveigne.sastriathlon37.com\/wp-content\/uploads\/2026\/01\/Capture-decran-2026-01-31-a-12.08.59-1320x943.png 1320w, https:\/\/triathlonveigne.sastriathlon37.com\/wp-content\/uploads\/2026\/01\/Capture-decran-2026-01-31-a-12.08.59.png 1988w\" sizes=\"auto, (max-width: 1024px) 100vw, 1024px\" \/><\/figure>\n\n\n\n<p><br>Course \u00e0 pied : 10 km en 2 boucles<br>T\u00e9l\u00e9charger le parcours GPX :&nbsp;<a href=\"http:\/\/triathlonveigne.sastriathlon37.com\/wp-content\/uploads\/2026\/01\/veloSXS.gpx\">Parcours CAP M<\/a><\/p>\n\n\n\n<figure class=\"wp-block-image\"><img loading=\"lazy\" decoding=\"async\" width=\"1024\" height=\"807\" src=\"https:\/\/triathlonveigne.sastriathlon37.com\/wp-content\/uploads\/2026\/01\/Capture-decran-2026-01-31-a-12.01.17-1024x807.png\" alt=\"\" class=\"wp-image-4770\" srcset=\"https:\/\/triathlonveigne.sastriathlon37.com\/wp-content\/uploads\/2026\/01\/Capture-decran-2026-01-31-a-12.01.17-1024x807.png 1024w, https:\/\/triathlonveigne.sastriathlon37.com\/wp-content\/uploads\/2026\/01\/Capture-decran-2026-01-31-a-12.01.17-300x236.png 300w, https:\/\/triathlonveigne.sastriathlon37.com\/wp-content\/uploads\/2026\/01\/Capture-decran-2026-01-31-a-12.01.17-768x605.png 768w, https:\/\/triathlonveigne.sastriathlon37.com\/wp-content\/uploads\/2026\/01\/Capture-decran-2026-01-31-a-12.01.17-1536x1210.png 1536w, https:\/\/triathlonveigne.sastriathlon37.com\/wp-content\/uploads\/2026\/01\/Capture-decran-2026-01-31-a-12.01.17-1320x1040.png 1320w, https:\/\/triathlonveigne.sastriathlon37.com\/wp-content\/uploads\/2026\/01\/Capture-decran-2026-01-31-a-12.01.17.png 1820w\" sizes=\"auto, (max-width: 1024px) 100vw, 1024px\" \/><\/figure>\n\n\n\n<p><a href=\"\"><\/a><\/p>\n\n\n\n<p><\/p>\n\n\n\n<h4 class=\"wp-block-heading\"><strong>R\u00e8glement du triathlon de Veign\u00e9<\/strong> <br><\/h4>\n\n\n\n<p><a href=\"http:\/\/triathlonveigne.sastriathlon37.com\/wp-content\/uploads\/2026\/01\/2026-REGLEMENT-DES-EPREUVES.docx\" target=\"_blank\" rel=\"noreferrer noopener\">Cliquez ici pour afficher&nbsp;le r\u00e8glement complet du triathlon de Veign\u00e9<\/a><br><\/p>\n\n\n\n<p>Les \u00e9preuves du triathlon de Veign\u00e9 sont soumises au<a href=\"https:\/\/fftri.emiagic.io\/regulation\/pdf\/sport?next\" target=\"_blank\" rel=\"noreferrer noopener\" aria-label=\"&nbsp;r\u00e8glement de la FFTRI.&nbsp; (opens in a new tab)\">&nbsp;r\u00e8glement de la FFTRI.&nbsp;<\/a><\/p>\n\n\n\n<p><br><\/p>\n\n\n\n<h4 class=\"wp-block-heading\"><strong>R\u00e9compenses&nbsp;<\/strong><br><\/h4>\n\n\n\n<p>1er Homme et 1\u00e8re Femme <br>2\u00e8me Homme et 2\u00e8me Femme<br>3\u00e8me Homme et 3\u00e8me Femme <\/p>\n\n\n\n<p>1er Junior H et F<\/p>\n\n\n\n<p>1er V\u00e9t\u00e9ran H et F<\/p>\n\n\n\n<p><br><br><\/p>\n\n\n\n<h4 class=\"wp-block-heading\"><strong>Les Partenaires du triathlon de Veign\u00e9<\/strong><\/h4>\n\n\n\n<p><\/p>\n\n\n\n\n\t\t<style>\n\t\t\t#wpls-logo-showcase-slider-1 .wpls-fix-box,\n\t\t\t#wpls-logo-showcase-slider-1 .wpls-fix-box img.wp-post-image{max-height:250px; }\n\t\t<\/style>\n\n\t\t<div class=\"wpls-wrap wpls-logo-showcase-slider-wrp wpls-logo-clearfix wpls-design-1 \" data-conf=\"{&quot;slides_column&quot;:4,&quot;slides_scroll&quot;:1,&quot;dots&quot;:&quot;true&quot;,&quot;arrows&quot;:&quot;true&quot;,&quot;autoplay&quot;:&quot;true&quot;,&quot;autoplay_interval&quot;:3000,&quot;loop&quot;:&quot;true&quot;,&quot;rtl&quot;:&quot;false&quot;,&quot;speed&quot;:800,&quot;center_mode&quot;:&quot;false&quot;,&quot;lazyload&quot;:&quot;&quot;}\">\n\t\t\t<div class=\"wpls-logo-showcase logo_showcase wpls-logo-slider  sliderimage_hide_border \" id=\"wpls-logo-showcase-slider-1\" >\n\t\t\t\t<div class=\"wpls-logo-cnt\">\n\t<div class=\"wpls-fix-box\">\n\t\t\t\t<img decoding=\"async\" class=\"wp-post-image\"  src=\"https:\/\/triathlonveigne.sastriathlon37.com\/wp-content\/uploads\/2019\/03\/newsports.jpg\" alt=\"\" \/>\n\t\t\t<\/div>\n\t<\/div><div class=\"wpls-logo-cnt\">\n\t<div class=\"wpls-fix-box\">\n\t\t\t\t<img decoding=\"async\" class=\"wp-post-image\"  src=\"https:\/\/triathlonveigne.sastriathlon37.com\/wp-content\/uploads\/2019\/03\/Capture-d\u2019\u00e9cran-2019-01-30-\u00e0-15.51.06.png\" alt=\"\" \/>\n\t\t\t<\/div>\n\t<\/div><div class=\"wpls-logo-cnt\">\n\t<div class=\"wpls-fix-box\">\n\t\t\t\t<img decoding=\"async\" class=\"wp-post-image\"  src=\"https:\/\/triathlonveigne.sastriathlon37.com\/wp-content\/uploads\/2019\/03\/Capture-d\u2019\u00e9cran-2019-01-30-\u00e0-15.50.44.png\" alt=\"\" \/>\n\t\t\t<\/div>\n\t<\/div><div class=\"wpls-logo-cnt\">\n\t<div class=\"wpls-fix-box\">\n\t\t\t\t<img decoding=\"async\" class=\"wp-post-image\"  src=\"https:\/\/triathlonveigne.sastriathlon37.com\/wp-content\/uploads\/2019\/03\/Capture-d\u2019\u00e9cran-2019-01-30-\u00e0-15.50.34.png\" alt=\"\" \/>\n\t\t\t<\/div>\n\t<\/div><div class=\"wpls-logo-cnt\">\n\t<div class=\"wpls-fix-box\">\n\t\t\t\t<img decoding=\"async\" class=\"wp-post-image\"  src=\"https:\/\/triathlonveigne.sastriathlon37.com\/wp-content\/uploads\/2019\/03\/AVCAP.jpg\" alt=\"\" \/>\n\t\t\t<\/div>\n\t<\/div><div class=\"wpls-logo-cnt\">\n\t<div class=\"wpls-fix-box\">\n\t\t\t\t<img decoding=\"async\" class=\"wp-post-image\"  src=\"https:\/\/triathlonveigne.sastriathlon37.com\/wp-content\/uploads\/2019\/03\/Capture-d\u2019\u00e9cran-2019-03-27-\u00e0-17.27.38.png\" alt=\"\" \/>\n\t\t\t<\/div>\n\t<\/div><div class=\"wpls-logo-cnt\">\n\t<div class=\"wpls-fix-box\">\n\t\t\t\t<img decoding=\"async\" class=\"wp-post-image\"  src=\"https:\/\/triathlonveigne.sastriathlon37.com\/wp-content\/uploads\/2019\/03\/Capture-d\u2019\u00e9cran-2019-03-27-\u00e0-17.27.14.png\" alt=\"\" \/>\n\t\t\t<\/div>\n\t<\/div><div class=\"wpls-logo-cnt\">\n\t<div class=\"wpls-fix-box\">\n\t\t\t\t<img decoding=\"async\" class=\"wp-post-image\"  src=\"https:\/\/triathlonveigne.sastriathlon37.com\/wp-content\/uploads\/2019\/03\/Capture-d\u2019\u00e9cran-2019-03-27-\u00e0-17.26.51.png\" alt=\"\" \/>\n\t\t\t<\/div>\n\t<\/div><div class=\"wpls-logo-cnt\">\n\t<div class=\"wpls-fix-box\">\n\t\t\t\t<img decoding=\"async\" class=\"wp-post-image\"  src=\"https:\/\/triathlonveigne.sastriathlon37.com\/wp-content\/uploads\/2019\/03\/LogoCP-Paysagiste.jpg\" alt=\"\" \/>\n\t\t\t<\/div>\n\t<\/div>\t\t\t<\/div>\n\t\t<\/div>\n\n\t\t\n\n\n\n<p><\/p>\n","protected":false},"excerpt":{"rendered":"<p>TRIATHLON FORMAT M Relais : limite de 50 \u00e9quipes SAMEDI 29 AO\u00dbT 2026 : 07h45 :&nbsp;Accueil et retrait des dossards&nbsp; 07h45 : Ouverture du parc \u00e0 v\u00e9lo 08h45 : Fermeture du parc \u00e0 v\u00e9lo et briefing 09h10 : D\u00e9part du triathlon M Relais 12h00 : Remise des prix IMPORTANT Tous les non-licenci\u00e9s doivent obligatoirement remplir\u2026<\/p>\n","protected":false},"author":8,"featured_media":0,"parent":0,"menu_order":0,"comment_status":"closed","ping_status":"closed","template":"","meta":{"ngg_post_thumbnail":0,"footnotes":""},"class_list":["post-4506","page","type-page","status-publish","hentry"],"_links":{"self":[{"href":"https:\/\/triathlonveigne.sastriathlon37.com\/index.php\/wp-json\/wp\/v2\/pages\/4506","targetHints":{"allow":["GET"]}}],"collection":[{"href":"https:\/\/triathlonveigne.sastriathlon37.com\/index.php\/wp-json\/wp\/v2\/pages"}],"about":[{"href":"https:\/\/triathlonveigne.sastriathlon37.com\/index.php\/wp-json\/wp\/v2\/types\/page"}],"author":[{"embeddable":true,"href":"https:\/\/triathlonveigne.sastriathlon37.com\/index.php\/wp-json\/wp\/v2\/users\/8"}],"replies":[{"embeddable":true,"href":"https:\/\/triathlonveigne.sastriathlon37.com\/index.php\/wp-json\/wp\/v2\/comments?post=4506"}],"version-history":[{"count":10,"href":"https:\/\/triathlonveigne.sastriathlon37.com\/index.php\/wp-json\/wp\/v2\/pages\/4506\/revisions"}],"predecessor-version":[{"id":4773,"href":"https:\/\/triathlonveigne.sastriathlon37.com\/index.php\/wp-json\/wp\/v2\/pages\/4506\/revisions\/4773"}],"wp:attachment":[{"href":"https:\/\/triathlonveigne.sastriathlon37.com\/index.php\/wp-json\/wp\/v2\/media?parent=4506"}],"curies":[{"name":"wp","href":"https:\/\/api.w.org\/{rel}","templated":true}]}}