{"id":55,"date":"2019-03-08T15:08:41","date_gmt":"2019-03-08T14:08:41","guid":{"rendered":"http:\/\/triathlonveigne.sastriathlon37.com\/?page_id=55"},"modified":"2026-01-31T11:36:54","modified_gmt":"2026-01-31T10:36:54","slug":"resultats","status":"publish","type":"page","link":"https:\/\/triathlonveigne.sastriathlon37.com\/index.php\/resultats\/","title":{"rendered":"R\u00e9sultats"},"content":{"rendered":"\n<h2 class=\"wp-block-heading\">R\u00e9sultats<\/h2><br><br>\n\n\n\n<figure class=\"wp-block-table aligncenter\"><table><tbody><tr><td>2025<\/td><td><a href=\"http:\/\/triathlonveigne.sastriathlon37.com\/wp-content\/uploads\/2026\/01\/TriathlonM.30082025.pdf\" target=\"_blank\" rel=\"noreferrer noopener\">R\u00e9sultat M<\/a><\/td><td><a href=\"http:\/\/triathlonveigne.sastriathlon37.com\/wp-content\/uploads\/2026\/01\/RelaisM.30082025.pdf\" target=\"_blank\" rel=\"noreferrer noopener\">R\u00e9sultat M Relais<\/a><\/td><td><a href=\"http:\/\/triathlonveigne.sastriathlon37.com\/wp-content\/uploads\/2026\/01\/TriathlonS.30082025.pdf\">R\u00e9sultats S<\/a><\/td><td><a href=\"http:\/\/triathlonveigne.sastriathlon37.com\/wp-content\/uploads\/2026\/01\/DuoXS_30082025.pdf\" target=\"_blank\" rel=\"noreferrer noopener\">R\u00e9sultats XS Duo<\/a><\/td><\/tr><tr><td>2024<\/td><td><a href=\"http:\/\/triathlonveigne.sastriathlon37.com\/wp-content\/uploads\/2024\/09\/Triathlon_M_31082024.pdf\" target=\"_blank\" rel=\"noreferrer noopener\">R\u00e9sultat M<\/a><\/td><td><a href=\"http:\/\/triathlonveigne.sastriathlon37.com\/wp-content\/uploads\/2024\/09\/Triathlon_S_31082024.pdf\" target=\"_blank\" rel=\"noreferrer noopener\">R\u00e9sultats S<\/a><\/td><td><a href=\"http:\/\/triathlonveigne.sastriathlon37.com\/wp-content\/uploads\/2024\/09\/Duo_XS_31082024.pdf\" target=\"_blank\" rel=\"noreferrer noopener\">R\u00e9sultats XS Duo<\/a><\/td><td><\/td><\/tr><tr><td>2023<\/td><td><a href=\"http:\/\/triathlonveigne.sastriathlon37.com\/wp-content\/uploads\/2023\/08\/M_26082023.pdf\" target=\"_blank\" rel=\"noreferrer noopener\">R\u00e9sultat M<\/a><\/td><td><a href=\"http:\/\/triathlonveigne.sastriathlon37.com\/wp-content\/uploads\/2023\/08\/S_26082023.pdf\" target=\"_blank\" rel=\"noreferrer noopener\">R\u00e9sultats S<\/a><\/td><td><a href=\"http:\/\/triathlonveigne.sastriathlon37.com\/wp-content\/uploads\/2023\/08\/XS_26082023.pdf\" target=\"_blank\" rel=\"noreferrer noopener\">R\u00e9sultats XS Duo<\/a><\/td><td><\/td><\/tr><tr><td>2022<\/td><td><a href=\"http:\/\/triathlonveigne.sastriathlon37.com\/wp-content\/uploads\/2022\/08\/M_27082022.pdf\" target=\"_blank\" rel=\"noreferrer noopener\">R\u00e9sultats M<\/a><\/td><td><a href=\"http:\/\/triathlonveigne.sastriathlon37.com\/wp-content\/uploads\/2022\/08\/S_27082022.pdf\" data-type=\"URL\" data-id=\"http:\/\/triathlonveigne.sastriathlon37.com\/wp-content\/uploads\/2022\/08\/S_27082022.pdf\" target=\"_blank\" rel=\"noreferrer noopener\">R\u00e9sultats S<\/a><\/td><td><a href=\"http:\/\/triathlonveigne.sastriathlon37.com\/wp-content\/uploads\/2022\/08\/XS_27082022.pdf\" data-type=\"URL\" data-id=\"http:\/\/triathlonveigne.sastriathlon37.com\/wp-content\/uploads\/2022\/08\/XS_27082022.pdf\" target=\"_blank\" rel=\"noreferrer noopener\">R\u00e9sultats XS Duo<\/a><\/td><td><\/td><\/tr><tr><td>2021<\/td><td><a href=\"http:\/\/triathlonveigne.sastriathlon37.com\/wp-content\/uploads\/2021\/08\/M_2808021.pdf\" data-type=\"URL\" data-id=\"http:\/\/triathlonveigne.sastriathlon37.com\/wp-content\/uploads\/2021\/08\/M_2808021.pdf\" target=\"_blank\" rel=\"noreferrer noopener\">R\u00e9sultats M<\/a><\/td><td><a href=\"http:\/\/triathlonveigne.sastriathlon37.com\/wp-content\/uploads\/2021\/08\/S_2808021.pdf\" data-type=\"URL\" data-id=\"http:\/\/triathlonveigne.sastriathlon37.com\/wp-content\/uploads\/2021\/08\/S_2808021.pdf\" target=\"_blank\" rel=\"noreferrer noopener\">R\u00e9sultats S<\/a><\/td><td><a href=\"http:\/\/triathlonveigne.sastriathlon37.com\/wp-content\/uploads\/2021\/08\/XS_2808021.pdf\" data-type=\"URL\" data-id=\"http:\/\/triathlonveigne.sastriathlon37.com\/wp-content\/uploads\/2021\/08\/XS_2808021.pdf\" target=\"_blank\" rel=\"noreferrer noopener\">R\u00e9sultats XS Duo<\/a><\/td><td><\/td><\/tr><tr><td>2020<\/td><td><strong><a href=\"http:\/\/triathlonveigne.sastriathlon37.com\/wp-content\/uploads\/2020\/08\/M_29082020.pdf\" target=\"_blank\" rel=\"noreferrer noopener\" aria-label=\"R\u00e9sultats M (s\u2019ouvre dans un nouvel onglet)\">R\u00e9sultats M<\/a><\/strong><\/td><td><a rel=\"noreferrer noopener\" aria-label=\"R\u00e9sultats S (s\u2019ouvre dans un nouvel onglet)\" href=\"http:\/\/triathlonveigne.sastriathlon37.com\/wp-content\/uploads\/2020\/08\/S_29082020.pdf\" target=\"_blank\"><strong>R\u00e9sultats S<\/strong><\/a><\/td><td><a rel=\"noreferrer noopener\" aria-label=\"R\u00e9sultats XS Duo (s\u2019ouvre dans un nouvel onglet)\" href=\"http:\/\/triathlonveigne.sastriathlon37.com\/wp-content\/uploads\/2020\/08\/duo_XS_29082020-1.pdf\" target=\"_blank\"><strong>R\u00e9sultats XS Duo<\/strong><\/a><\/td><td><\/td><\/tr><tr><td>2019<\/td><td><a rel=\"noreferrer noopener\" aria-label=\"R\u00e9sultats S (s\u2019ouvre dans un nouvel onglet)\" href=\"http:\/\/triathlonveigne.sastriathlon37.com\/wp-content\/uploads\/2019\/09\/S_31082019.pdf\" target=\"_blank\"><strong>R\u00e9sultats S<\/strong><\/a><\/td><td><a rel=\"noreferrer noopener\" aria-label=\"R\u00e9sultats S - NL (s\u2019ouvre dans un nouvel onglet)\" href=\"http:\/\/triathlonveigne.sastriathlon37.com\/wp-content\/uploads\/2019\/09\/SNL_31082019.pdf\" target=\"_blank\"><strong>R\u00e9sultats S &#8211; NL<\/strong><\/a><\/td><td><a rel=\"noreferrer noopener\" aria-label=\"R\u00e9sultats CLM (s\u2019ouvre dans un nouvel onglet)\" href=\"http:\/\/triathlonveigne.sastriathlon37.com\/wp-content\/uploads\/2019\/09\/CLM-XS_31082019.pdf\" target=\"_blank\"><strong>R\u00e9sultats CLM<\/strong><\/a><\/td><td><\/td><\/tr><tr><td>2018<\/td><td><a rel=\"noreferrer noopener\" href=\"http:\/\/triathlonveigne.sastriathlon37.com\/wp-content\/uploads\/2019\/03\/S_25082018.pdf\" target=\"_blank\"><strong>R\u00e9sultats S<\/strong><\/a><\/td><td><a rel=\"noreferrer noopener\" aria-label=\"R\u00e9sultats S - NL (s\u2019ouvre dans un nouvel onglet)\" href=\"http:\/\/triathlonveigne.sastriathlon37.com\/wp-content\/uploads\/2019\/03\/SNL_25082018.pdf\" target=\"_blank\"><strong>R\u00e9sultats S &#8211; NL<\/strong><\/a><\/td><td><a rel=\"noreferrer noopener\" aria-label=\"R\u00e9sultats CLM (s\u2019ouvre dans un nouvel onglet)\" href=\"http:\/\/triathlonveigne.sastriathlon37.com\/wp-content\/uploads\/2019\/03\/CLM_25082018.pdf\" target=\"_blank\"><strong>R\u00e9sultats CLM<\/strong><\/a><\/td><td><\/td><\/tr><tr><td>2017<\/td><td><strong><a href=\"http:\/\/triathlonveigne.sastriathlon37.com\/wp-content\/uploads\/2019\/03\/S_26082017.pdf\" target=\"_blank\" rel=\"noreferrer noopener\" aria-label=\"R\u00e9sultats S (s\u2019ouvre dans un nouvel onglet)\">R\u00e9sultats S<\/a><\/strong><\/td><td><strong><a href=\"http:\/\/triathlonveigne.sastriathlon37.com\/wp-content\/uploads\/2019\/03\/SNL_26082017.pdf\" target=\"_blank\" rel=\"noreferrer noopener\" aria-label=\"R\u00e9sultats S - NL (s\u2019ouvre dans un nouvel onglet)\">R\u00e9sultats S &#8211; NL<\/a><\/strong><\/td><td><strong><a href=\"http:\/\/triathlonveigne.sastriathlon37.com\/wp-content\/uploads\/2019\/03\/CLM_26082017.pdf\" target=\"_blank\" rel=\"noreferrer noopener\" aria-label=\"R\u00e9sultats CLM (s\u2019ouvre dans un nouvel onglet)\">R\u00e9sultats CLM<\/a><\/strong><\/td><td><\/td><\/tr><\/tbody><\/table><\/figure>\n\n\n\n<p><\/p>\n\n\n\n<p><\/p>\n\n\n\n<figure class=\"wp-block-table aligncenter\"><table><tbody><tr><td><strong>Ann\u00e9e<\/strong><\/td><td><strong>\u00c9preuve S <\/strong><\/td><td><strong>\u00c9preuve XS<\/strong><\/td><td><strong>\u00c9preuve XS &#8211; CLM         <\/strong><\/td><\/tr><tr><td>2016<\/td><td><strong><a href=\"http:\/\/triathlonveigne.sastriathlon37.com\/wp-content\/uploads\/2019\/03\/S_28082016.pdf\" target=\"_blank\" rel=\"noreferrer noopener\" aria-label=\"R\u00e9sultats S (s\u2019ouvre dans un nouvel onglet)\">R\u00e9sultats S<\/a><\/strong><\/td><td><a rel=\"noreferrer noopener\" aria-label=\"R\u00e9sultats XS (s\u2019ouvre dans un nouvel onglet)\" href=\"http:\/\/triathlonveigne.sastriathlon37.com\/wp-content\/uploads\/2019\/03\/XS_28082016.pdf\" target=\"_blank\"><strong>R\u00e9sultats XS<\/strong><\/a> <\/td><td><strong><a href=\"http:\/\/triathlonveigne.sastriathlon37.com\/wp-content\/uploads\/2019\/03\/CLM_28082016.pdf\" target=\"_blank\" rel=\"noreferrer noopener\" aria-label=\"R\u00e9sultats CLM (s\u2019ouvre dans un nouvel onglet)\">R\u00e9sultats CLM<\/a><\/strong><\/td><\/tr><\/tbody><\/table><\/figure>\n","protected":false},"excerpt":{"rendered":"<p>R\u00e9sultats 2025 R\u00e9sultat M R\u00e9sultat M Relais R\u00e9sultats S R\u00e9sultats XS Duo 2024 R\u00e9sultat M R\u00e9sultats S R\u00e9sultats XS Duo 2023 R\u00e9sultat M R\u00e9sultats S R\u00e9sultats XS Duo 2022 R\u00e9sultats M R\u00e9sultats S R\u00e9sultats XS Duo 2021 R\u00e9sultats M R\u00e9sultats S R\u00e9sultats XS Duo 2020 R\u00e9sultats M R\u00e9sultats S R\u00e9sultats XS Duo 2019 R\u00e9sultats S\u2026<\/p>\n","protected":false},"author":1,"featured_media":0,"parent":0,"menu_order":0,"comment_status":"closed","ping_status":"closed","template":"fullwidth.php","meta":{"ngg_post_thumbnail":0,"footnotes":""},"class_list":["post-55","page","type-page","status-publish","hentry"],"_links":{"self":[{"href":"https:\/\/triathlonveigne.sastriathlon37.com\/index.php\/wp-json\/wp\/v2\/pages\/55","targetHints":{"allow":["GET"]}}],"collection":[{"href":"https:\/\/triathlonveigne.sastriathlon37.com\/index.php\/wp-json\/wp\/v2\/pages"}],"about":[{"href":"https:\/\/triathlonveigne.sastriathlon37.com\/index.php\/wp-json\/wp\/v2\/types\/page"}],"author":[{"embeddable":true,"href":"https:\/\/triathlonveigne.sastriathlon37.com\/index.php\/wp-json\/wp\/v2\/users\/1"}],"replies":[{"embeddable":true,"href":"https:\/\/triathlonveigne.sastriathlon37.com\/index.php\/wp-json\/wp\/v2\/comments?post=55"}],"version-history":[{"count":31,"href":"https:\/\/triathlonveigne.sastriathlon37.com\/index.php\/wp-json\/wp\/v2\/pages\/55\/revisions"}],"predecessor-version":[{"id":4756,"href":"https:\/\/triathlonveigne.sastriathlon37.com\/index.php\/wp-json\/wp\/v2\/pages\/55\/revisions\/4756"}],"wp:attachment":[{"href":"https:\/\/triathlonveigne.sastriathlon37.com\/index.php\/wp-json\/wp\/v2\/media?parent=55"}],"curies":[{"name":"wp","href":"https:\/\/api.w.org\/{rel}","templated":true}]}}