{"id":57,"date":"2019-03-08T15:08:54","date_gmt":"2019-03-08T14:08:54","guid":{"rendered":"http:\/\/triathlonveigne.sastriathlon37.com\/?page_id=57"},"modified":"2026-01-31T12:26:30","modified_gmt":"2026-01-31T11:26:30","slug":"medias","status":"publish","type":"page","link":"https:\/\/triathlonveigne.sastriathlon37.com\/index.php\/medias\/","title":{"rendered":"Photos"},"content":{"rendered":"\n<p><strong>\u00c9dition 2025 :<\/strong><\/p>\n\n\n\n<p>Voir les photos prises par <strong>TOMEK SPORTS PHOTO :<\/strong><\/p>\n\n\n\n<ul class=\"wp-block-list\">\n<li><a href=\"https:\/\/www.lamapix.com\/php\/pages\/viewv3.php?code=T7KEESQ6HW\" data-type=\"URL\" data-id=\"https:\/\/www.lamapix.com\/php\/pages\/viewv3.php?code=Q9MK5VV1ZA\" target=\"_blank\" rel=\"noreferrer noopener\">Voir les photos du M<\/a><\/li>\n\n\n\n<li><a href=\"https:\/\/www.lamapix.com\/php\/pages\/viewv3.php?code=TPX71XUECH\" data-type=\"URL\" data-id=\"https:\/\/www.lamapix.com\/php\/pages\/viewv3.php?code=HTUFR8V73Q\" target=\"_blank\" rel=\"noreferrer noopener\">V<\/a><a href=\"https:\/\/www.lamapix.com\/php\/pages\/viewv3.php?code=34PD4L85A4\" data-type=\"URL\" data-id=\"https:\/\/www.lamapix.com\/php\/pages\/viewv3.php?code=HTUFR8V73Q\" target=\"_blank\" rel=\"noreferrer noopener\">oir les photos du S<\/a><\/li>\n\n\n\n<li><a href=\"https:\/\/www.lamapix.com\/php\/pages\/viewv3.php?code=FVB7DRHNVR\" data-type=\"URL\" data-id=\"https:\/\/www.lamapix.com\/php\/pages\/viewv3.php?code=3EC1NA1661\" target=\"_blank\" rel=\"noreferrer noopener\">V<\/a><a href=\"https:\/\/www.lamapix.com\/php\/pages\/viewv3.php?code=HKXHZJN2BP\" data-type=\"URL\" data-id=\"https:\/\/www.lamapix.com\/php\/pages\/viewv3.php?code=3EC1NA1661\" target=\"_blank\" rel=\"noreferrer noopener\">oir les photos du XS <\/a><a href=\"https:\/\/www.lamapix.com\/php\/pages\/viewv3.php?code=FVB7DRHNVR\" data-type=\"URL\" data-id=\"https:\/\/www.lamapix.com\/php\/pages\/viewv3.php?code=3EC1NA1661\" target=\"_blank\" rel=\"noreferrer noopener\">Duo<\/a><\/li>\n<\/ul>\n\n\n\n<p><\/p>\n\n\n\n<p><strong>\u00c9dition 2024 :<\/strong><\/p>\n\n\n\n<p>Voir les photos prises par <strong>TOMEK SPORTS PHOTO :<\/strong><\/p>\n\n\n\n<ul class=\"wp-block-list\">\n<li><a href=\"https:\/\/www.lamapix.com\/php\/pages\/viewv3.php?code=U1EEGNX7RV\" data-type=\"URL\" data-id=\"https:\/\/www.lamapix.com\/php\/pages\/viewv3.php?code=Q9MK5VV1ZA\" target=\"_blank\" rel=\"noreferrer noopener\">Voir les photos du M<\/a><\/li>\n\n\n\n<li><a rel=\"noreferrer noopener\" href=\"https:\/\/www.lamapix.com\/php\/pages\/viewv3.php?code=TPX71XUECH\" data-type=\"URL\" data-id=\"https:\/\/www.lamapix.com\/php\/pages\/viewv3.php?code=HTUFR8V73Q\" target=\"_blank\">V<\/a><a href=\"https:\/\/www.lamapix.com\/php\/pages\/viewv3.php?code=2TDF6HMFG6\" data-type=\"URL\" data-id=\"https:\/\/www.lamapix.com\/php\/pages\/viewv3.php?code=HTUFR8V73Q\" target=\"_blank\" rel=\"noreferrer noopener\">oir les photos du S<\/a><\/li>\n\n\n\n<li><a rel=\"noreferrer noopener\" href=\"https:\/\/www.lamapix.com\/php\/pages\/viewv3.php?code=FVB7DRHNVR\" data-type=\"URL\" data-id=\"https:\/\/www.lamapix.com\/php\/pages\/viewv3.php?code=3EC1NA1661\" target=\"_blank\">V<\/a><a rel=\"noreferrer noopener\" href=\"https:\/\/www.lamapix.com\/php\/pages\/viewv3.php?code=LRK1JN35ND\" data-type=\"URL\" data-id=\"https:\/\/www.lamapix.com\/php\/pages\/viewv3.php?code=3EC1NA1661\" target=\"_blank\">oir les photos du XS <\/a><a href=\"https:\/\/www.lamapix.com\/php\/pages\/viewv3.php?code=FVB7DRHNVR\" data-type=\"URL\" data-id=\"https:\/\/www.lamapix.com\/php\/pages\/viewv3.php?code=3EC1NA1661\" target=\"_blank\" rel=\"noreferrer noopener\">Duo<\/a><\/li>\n<\/ul>\n\n\n\n<p><\/p>\n\n\n\n<p><\/p>\n\n\n\n<p><strong>\u00c9dition 2021 :<\/strong><\/p>\n\n\n\n<p>Voir les photos prises par <strong>TOMEK SPORTS PHOTO :<\/strong><\/p>\n\n\n\n<ul class=\"wp-block-list\">\n<li><a rel=\"noreferrer noopener\" href=\"https:\/\/www.lamapix.com\/php\/pages\/viewv3.php?code=Q9MK5VV1ZA\" data-type=\"URL\" data-id=\"https:\/\/www.lamapix.com\/php\/pages\/viewv3.php?code=Q9MK5VV1ZA\" target=\"_blank\">Voir les photos du M<\/a><\/li>\n\n\n\n<li><a rel=\"noreferrer noopener\" href=\"https:\/\/www.lamapix.com\/php\/pages\/viewv3.php?code=HTUFR8V73Q\" data-type=\"URL\" data-id=\"https:\/\/www.lamapix.com\/php\/pages\/viewv3.php?code=HTUFR8V73Q\" target=\"_blank\">Voir les photos du S<\/a><\/li>\n\n\n\n<li><a rel=\"noreferrer noopener\" href=\"https:\/\/www.lamapix.com\/php\/pages\/viewv3.php?code=3EC1NA1661\" data-type=\"URL\" data-id=\"https:\/\/www.lamapix.com\/php\/pages\/viewv3.php?code=3EC1NA1661\" target=\"_blank\">Voir les photos du XS Duo<\/a><\/li>\n<\/ul>\n\n\n\n<p><strong>\u00c9dition 2020 :<\/strong><\/p>\n\n\n\n<p>Voir les photos prises par <strong>TOMEK SPORTS PHOTO :<\/strong><\/p>\n\n\n\n<ul class=\"wp-block-list\">\n<li><a rel=\"noreferrer noopener\" aria-label=\"Voir les photos du XS Duo (s\u2019ouvre dans un nouvel onglet)\" href=\"https:\/\/www.lamapix.com\/php\/pages\/viewv3.php?code=LYFSP9MLQ6\" target=\"_blank\">Voir les photos du XS Duo<\/a><\/li>\n\n\n\n<li><a rel=\"noreferrer noopener\" aria-label=\"Voir les photos du S (s\u2019ouvre dans un nouvel onglet)\" href=\"https:\/\/www.lamapix.com\/php\/pages\/viewv3.php?code=9P15JM5A5L\" target=\"_blank\">Voir les photos du S<\/a><\/li>\n\n\n\n<li><a href=\"https:\/\/www.lamapix.com\/tomek.sport.photos\/index.php?codex=TRIATHLONVEIGNEM20\" target=\"_blank\" rel=\"noreferrer noopener\" aria-label=\"Voir les photos du M (s\u2019ouvre dans un nouvel onglet)\">Voir les photos du M<\/a><\/li>\n<\/ul>\n\n\n\n<p><\/p>\n\n\n\n<p><strong>\u00c9dition 2019 :<\/strong><\/p>\n\n\n\nngg_shortcode_0_placeholder\n\n\n\n<p>D&rsquo;autres photos et videos de l&rsquo;\u00e9dition 2019 \u00e0 venir prochainement<\/p>\n\n\n\n<p><\/p>\n\n\n\n<p><strong>Pr\u00e9c\u00e9dentes \u00e9ditions :<\/strong><\/p>\n\n\n\nngg_shortcode_1_placeholder\n","protected":false},"excerpt":{"rendered":"<p>\u00c9dition 2025 : Voir les photos prises par TOMEK SPORTS PHOTO : \u00c9dition 2024 : Voir les photos prises par TOMEK SPORTS PHOTO : \u00c9dition 2021 : Voir les photos prises par TOMEK SPORTS PHOTO : \u00c9dition 2020 : Voir les photos prises par TOMEK SPORTS PHOTO : \u00c9dition 2019 : D&rsquo;autres photos et videos\u2026<\/p>\n","protected":false},"author":1,"featured_media":0,"parent":0,"menu_order":0,"comment_status":"closed","ping_status":"closed","template":"fullwidth.php","meta":{"ngg_post_thumbnail":0,"footnotes":""},"class_list":["post-57","page","type-page","status-publish","hentry"],"_links":{"self":[{"href":"https:\/\/triathlonveigne.sastriathlon37.com\/index.php\/wp-json\/wp\/v2\/pages\/57","targetHints":{"allow":["GET"]}}],"collection":[{"href":"https:\/\/triathlonveigne.sastriathlon37.com\/index.php\/wp-json\/wp\/v2\/pages"}],"about":[{"href":"https:\/\/triathlonveigne.sastriathlon37.com\/index.php\/wp-json\/wp\/v2\/types\/page"}],"author":[{"embeddable":true,"href":"https:\/\/triathlonveigne.sastriathlon37.com\/index.php\/wp-json\/wp\/v2\/users\/1"}],"replies":[{"embeddable":true,"href":"https:\/\/triathlonveigne.sastriathlon37.com\/index.php\/wp-json\/wp\/v2\/comments?post=57"}],"version-history":[{"count":15,"href":"https:\/\/triathlonveigne.sastriathlon37.com\/index.php\/wp-json\/wp\/v2\/pages\/57\/revisions"}],"predecessor-version":[{"id":4778,"href":"https:\/\/triathlonveigne.sastriathlon37.com\/index.php\/wp-json\/wp\/v2\/pages\/57\/revisions\/4778"}],"wp:attachment":[{"href":"https:\/\/triathlonveigne.sastriathlon37.com\/index.php\/wp-json\/wp\/v2\/media?parent=57"}],"curies":[{"name":"wp","href":"https:\/\/api.w.org\/{rel}","templated":true}]}}